{"id":102,"date":"2017-02-14T07:45:28","date_gmt":"2017-02-14T07:45:28","guid":{"rendered":"http:\/\/themes.kadencethemes.com\/ascend-premium-3\/?page_id=102"},"modified":"2024-12-17T17:10:52","modified_gmt":"2024-12-17T21:10:52","slug":"home","status":"publish","type":"page","link":"https:\/\/tdas.ca\/fr\/","title":{"rendered":"Home"},"content":{"rendered":"<div id=\"pl-102\"  class=\"panel-layout\" ><div id=\"pg-102-0\"  class=\"panel-grid panel-has-style\" ><div class=\"siteorigin-panels-stretch kt-panel-row-stretch panel-row-style panel-row-style-for-102-0\" style=\"opacity: 0;\" data-stretch-type=\"full\" ><div id=\"pgc-102-0-0\"  class=\"panel-grid-cell\" >\n\n        <div id=\"panel-102-0-0-0\" class=\"so-panel widget widget_kadence_calltoaction_widget kadence_calltoaction_widget panel-first-child\" data-index=\"0\" ><div class=\"panel-widget-style panel-widget-style-for-102-0-0-0\" ><div class=\"kt-ctaw clearfix\"><h2 class=\"kt-call-to-action-title\" style=\"color:#ffffff; font-size:32px; line-height:1; text-align:center; \"  data-max-size=\"32\" data-min-size=\"32\">Qui Nous Sommes<\/h2><\/div><\/div><\/div>\n    <div id=\"panel-102-0-0-1\" class=\"so-panel widget widget_text panel-last-child\" data-index=\"1\" ><div class=\"panel-widget-style panel-widget-style-for-102-0-0-1\" >\t\t\t<div class=\"textwidget\"><p>Au d\u00e9but de 2021, des repr\u00e9sentants de plus de 20 organismes communautaires et des personnes ayant une exp\u00e9rience pass\u00e9e ou pr\u00e9sente ont commenc\u00e9 \u00e0 travailler \u00e0 l\u2019\u00e9laboration d\u2019un plan visant \u00e0 trouver une solution au probl\u00e8me de la consommation d\u2019alcool et d\u2019autres drogues dans le Timiskaming. Il s\u2019agissait de mettre en place une strat\u00e9gie pour le Timiskaming con\u00e7ue par les gens d\u2019ici. Autrement dit, tout le monde aurait la chance de s\u2019exprimer et de faire un apport. Un comit\u00e9 directeur a vu le jour afin d\u2019animer des groupes de discussion portant sur quatre domaines cl\u00e9s, soit la pr\u00e9vention, la r\u00e9duction des m\u00e9faits, le traitement et la s\u00e9curit\u00e9 communautaire. On a aussi cr\u00e9\u00e9 un groupe consultatif de personnes ayant une exp\u00e9rience pass\u00e9e ou pr\u00e9sente pour guider et \u00e9clairer le travail. Il a fallu beaucoup d\u2019effort et de recherche pour mieux comprendre la consommation de substances \u00e0 l\u2019\u00e9chelle locale ainsi que les m\u00e9faits connexes. Apr\u00e8s en avoir appris d\u2019autres communaut\u00e9s et d\u2019autres \u00e9tudes de recherche, on a \u00e9labor\u00e9 un plan provisoire et invit\u00e9 le public \u00e0 faire des commentaires. Le r\u00e9sultat : la Strat\u00e9gie contre les drogues et l\u2019alcool du Timiskaming (SDAT).<\/p>\n<\/div>\n\t\t<\/div><\/div><\/div><\/div><\/div><div id=\"pg-102-1\"  class=\"panel-grid panel-has-style\" ><div class=\"panel-row-style panel-row-style-for-102-1\" ><div id=\"pgc-102-1-0\"  class=\"panel-grid-cell\" >\n\n        <div id=\"panel-102-1-0-0\" class=\"so-panel widget widget_kadence_calltoaction_widget kadence_calltoaction_widget panel-first-child\" data-index=\"2\" ><div class=\"panel-widget-style panel-widget-style-for-102-1-0-0\" ><div class=\"kt-ctaw clearfix\"><h2 class=\"kt-call-to-action-title\" style=\"color:#014e6e; font-size:32px; line-height:1; text-align:center; \"  data-max-size=\"32\" data-min-size=\"32\">Objectif<\/h2><\/div><\/div><\/div>\n    <div id=\"panel-102-1-0-1\" class=\"so-panel widget widget_text\" data-index=\"3\" ><div class=\"panel-widget-style panel-widget-style-for-102-1-0-1\" >\t\t\t<div class=\"textwidget\"><p>La strat\u00e9gie a pour but de pr\u00e9venir et de r\u00e9duire les m\u00e9faits associ\u00e9s \u00e0 la consommation de substances afin de rehausser la qualit\u00e9 de vie de toute la population du Timiskaming. Ce document refl\u00e8te l\u2019\u00e9tat actuel de nos connaissances et de notre savoir. \u00c0 mesure que nous recueillerons de l\u2019information, que le projet avancera et que la situation changera \u00e0 l\u2019\u00e9chelle locale, notre d\u00e9marche \u00e9voluera aussi. Le Comit\u00e9 directeur de la SDAT continuera \u00e0 surveiller et \u00e0 \u00e9valuer les progr\u00e8s ainsi qu\u2019\u00e0 garder la communaut\u00e9 et les partenaires au fait de ses activit\u00e9s; il les invite d\u2019ailleurs \u00e0 lui fournir des commentaires.<\/p>\n<p>Il importe de noter que lorsque nous parlons de substances, nous parlons de TOUTES les substances : alcool, cannabis, m\u00e9dicaments d\u2019ordonnance, drogues illicites, etc.<\/p>\n<\/div>\n\t\t<\/div><\/div>\n\n        <div id=\"panel-102-1-0-2\" class=\"so-panel widget widget_kadence_calltoaction_widget kadence_calltoaction_widget panel-last-child\" data-index=\"4\" ><div class=\"panel-widget-style panel-widget-style-for-102-1-0-2\" ><div class=\"kt-ctaw clearfix\"><div style=\"text-align:center\"><a href=\"https:\/\/www.timiskaminghu.com\/websites\/timiskaminghu.com\/files\/CDP-Injury\/Alcohol-Drugs\/Timiskaming_Drug_and_Alcohol_Strategy_(TDAS)_FR.pdf\" id=\"kadbtn974\" target=\"_blank\" class=\"btn button btn-shortcode lg-kad-btn\" style=\"background-color:#014e6e; border: 0 solid; border-color:#000;  color:#ffffff;\" onmouseover=\"\" onmouseout=\"\">Vous pouvez voir ce document ici. <\/a><\/div><\/div><\/div><\/div>\n    <\/div><\/div><\/div><div id=\"pg-102-2\"  class=\"panel-grid panel-has-style\" ><div class=\"panel-row-style panel-row-style-for-102-2\" ><div id=\"pgc-102-2-0\"  class=\"panel-grid-cell\" >\n\n        <div id=\"panel-102-2-0-0\" class=\"so-panel widget widget_kadence_calltoaction_widget kadence_calltoaction_widget panel-first-child\" data-index=\"5\" ><div class=\"panel-widget-style panel-widget-style-for-102-2-0-0\" ><div class=\"kt-ctaw clearfix\"><h2 class=\"kt-call-to-action-title\" style=\"color:#014e6e; font-size:32px; line-height:1; text-align:center; \"  data-max-size=\"32\" data-min-size=\"32\">Spectre de consommation de substances<\/h2><\/div><\/div><\/div>\n    <div id=\"panel-102-2-0-1\" class=\"so-panel widget widget_text\" data-index=\"6\" ><div class=\"panel-widget-style panel-widget-style-for-102-2-0-1\" >\t\t\t<div class=\"textwidget\"><p>Les gens consomment des substances pour toutes sortes de raisons : se d\u00e9tendre, s\u2019amuser, exp\u00e9rimenter ou g\u00e9rer le stress et la douleur. Pour certains, la consommation de substances pourrait ne causer aucun m\u00e9fait. Pour d\u2019autres cependant, elle pourrait avoir des cons\u00e9quences n\u00e9gatives sur leur vie. On peut passer d\u2019un stade du spectre de la consommation de substances \u00e0 un autre, et pas n\u00e9cessairement dans l\u2019ordre ci-dessous.<\/p>\n<p>M\u00eame si ce spectre comprend la consommation b\u00e9n\u00e9fique et la consommation \u00e0 moindre risque, la SDAT met l\u2019accent sur la pr\u00e9vention et la r\u00e9duction des m\u00e9faits et des cons\u00e9quences n\u00e9gatives li\u00e9s \u00e0 la consommation de substances.<\/p>\n<\/div>\n\t\t<\/div><\/div><div id=\"panel-102-2-0-2\" class=\"so-panel widget widget_kadence_about_with_image kadence_about_with_image panel-last-child\" data-index=\"7\" ><div class=\"kad_img_upload_widget kt-shape-type-kt-image-shape-standard kt-image-align-center kt-image-widget-widget-2-0-2\"><a href=\"https:\/\/www.canada.ca\/fr\/sante-canada\/services\/dependance-aux-drogues\/a-propos-de-consommation-substances.html\" target=\"_blank\"><div class=\"kt-image-contain kt-image-shadow-none kt-image-shape-standard\"><div class=\"kt-image-inner-contain\"><img loading=\"lazy\" decoding=\"async\" src=\"https:\/\/www.canada.ca\/content\/dam\/hc-sc\/documents\/services\/substance-use\/problematic-prescription-drug-use\/substance-use-spectrum-figure-fr.jpg\" width=\"1000\" height=\"393\" srcset=\"\" sizes=\"auto, (max-width: 1000px) 100vw, 1000px\" class=\"\" itemprop=\"contentUrl\" alt=\"\" data-srcset=\"\"><\/div><\/div><\/a><div class=\"kadence_image_widget_caption\">Source: Health Canada (2023).<\/div><\/div><\/div><\/div><\/div><\/div><div id=\"pg-102-3\"  class=\"panel-grid panel-has-style\" ><div class=\"panel-row-style panel-row-style-for-102-3\" ><div id=\"pgc-102-3-0\"  class=\"panel-grid-cell\" ><div id=\"panel-102-3-0-0\" class=\"so-panel widget widget_sow-slider panel-first-child panel-last-child\" data-index=\"8\" ><div\n\t\t\t\n\t\t\tclass=\"so-widget-sow-slider so-widget-sow-slider-default-c066adf9bc6d-102\"\n\t\t\t\n\t\t>\t\t\t\t<div class=\"sow-slider-base\" style=\"display: none\" tabindex=\"0\">\n\t\t\t\t\t<ul\n\t\t\t\t\tclass=\"sow-slider-images\"\n\t\t\t\t\tdata-settings=\"{&quot;pagination&quot;:true,&quot;speed&quot;:400,&quot;timeout&quot;:5000,&quot;paused&quot;:false,&quot;pause_on_hover&quot;:true,&quot;swipe&quot;:true,&quot;nav_always_show_desktop&quot;:true,&quot;nav_always_show_mobile&quot;:true,&quot;breakpoint&quot;:&quot;780px&quot;,&quot;unmute&quot;:false,&quot;anchor&quot;:null}\"\n\t\t\t\t\t\t\t\t\t\tdata-anchor-id=\"\"\n\t\t\t\t>\t\t<li class=\"sow-slider-image\" style=\"visibility: visible;;cursor: pointer;\" data-url=\"{&quot;url&quot;:&quot;https:\\\/\\\/www.facebook.com\\\/www.tdas.ca&quot;,&quot;new_window&quot;:true}\" >\n\t\t\t\t\t\t<div class=\"sow-slider-image-container\">\n\t\t\t\t<div class=\"sow-slider-image-wrapper\" style=\"max-width: 6912px\">\n\t\t\t\t\t\t\t\t\t\t\t<a href=\"https:\/\/www.facebook.com\/www.tdas.ca\"\n\t\t\t\t\t\t\t\t\t\t\t\t\t\t\t\t\t\t\t\t\ttarget=\"_blank\" \t\t\t\t\t\t\t\t\t\t\t\t\t\t\t\t\t\t\t\t\t\t\t\t\t\t\t\trel=\"noopener noreferrer\" \t\t\t\t\t\t\t\t\t\t\t\t\t>\n\t\t\t\t\t\t\t\t\t\t<div class=\"sow-slider-image-foreground-wrapper\">\n\t\t\t\t\t\t<img loading=\"lazy\" decoding=\"async\" width=\"6912\" height=\"3456\" src=\"https:\/\/tdas.ca\/wp-content\/uploads\/2024\/08\/End-Overdose-EN-x-8.png\" class=\"sow-slider-foreground-image\" alt=\"\" style=\"height: 200px; width: auto;max-height: 3456px\" srcset=\"https:\/\/tdas.ca\/wp-content\/uploads\/2024\/08\/End-Overdose-EN-x-8.png 6912w, https:\/\/tdas.ca\/wp-content\/uploads\/2024\/08\/End-Overdose-EN-x-8-300x150.png 300w, https:\/\/tdas.ca\/wp-content\/uploads\/2024\/08\/End-Overdose-EN-x-8-1024x512.png 1024w, https:\/\/tdas.ca\/wp-content\/uploads\/2024\/08\/End-Overdose-EN-x-8-768x384.png 768w, https:\/\/tdas.ca\/wp-content\/uploads\/2024\/08\/End-Overdose-EN-x-8-1536x768.png 1536w, https:\/\/tdas.ca\/wp-content\/uploads\/2024\/08\/End-Overdose-EN-x-8-2048x1024.png 2048w, https:\/\/tdas.ca\/wp-content\/uploads\/2024\/08\/End-Overdose-EN-x-8-18x9.png 18w\" sizes=\"auto, (max-width: 6912px) 100vw, 6912px\" \/>\t\t\t\t\t<\/div>\n\t\t\t\t\t\t\t\t\t\t\t<\/a>\n\t\t\t\t\t\t\t\t\t<\/div>\n\t\t\t<\/div>\n\t\t\t\t\t<\/li>\n\t\t\t\t<li class=\"sow-slider-image\" style=\"visibility: hidden;;cursor: pointer;\" data-url=\"{&quot;url&quot;:&quot;https:\\\/\\\/www.facebook.com\\\/www.tdas.ca&quot;,&quot;new_window&quot;:true}\" >\n\t\t\t\t\t\t<div class=\"sow-slider-image-container\">\n\t\t\t\t<div class=\"sow-slider-image-wrapper\" style=\"max-width: 6912px\">\n\t\t\t\t\t\t\t\t\t\t\t<a href=\"https:\/\/www.facebook.com\/www.tdas.ca\"\n\t\t\t\t\t\t\t\t\t\t\t\t\t\t\t\t\t\t\t\t\ttarget=\"_blank\" \t\t\t\t\t\t\t\t\t\t\t\t\t\t\t\t\t\t\t\t\t\t\t\t\t\t\t\trel=\"noopener noreferrer\" \t\t\t\t\t\t\t\t\t\t\t\t\t>\n\t\t\t\t\t\t\t\t\t\t<div class=\"sow-slider-image-foreground-wrapper\">\n\t\t\t\t\t\t<img loading=\"lazy\" decoding=\"async\" width=\"6912\" height=\"3456\" src=\"https:\/\/tdas.ca\/wp-content\/uploads\/2024\/08\/End-Overdose-FR-x-4.png\" class=\"sow-slider-foreground-image\" alt=\"\" style=\"height: 200px; width: auto;max-height: 3456px\" srcset=\"https:\/\/tdas.ca\/wp-content\/uploads\/2024\/08\/End-Overdose-FR-x-4.png 6912w, https:\/\/tdas.ca\/wp-content\/uploads\/2024\/08\/End-Overdose-FR-x-4-300x150.png 300w, https:\/\/tdas.ca\/wp-content\/uploads\/2024\/08\/End-Overdose-FR-x-4-1024x512.png 1024w, https:\/\/tdas.ca\/wp-content\/uploads\/2024\/08\/End-Overdose-FR-x-4-768x384.png 768w, https:\/\/tdas.ca\/wp-content\/uploads\/2024\/08\/End-Overdose-FR-x-4-1536x768.png 1536w, https:\/\/tdas.ca\/wp-content\/uploads\/2024\/08\/End-Overdose-FR-x-4-2048x1024.png 2048w, https:\/\/tdas.ca\/wp-content\/uploads\/2024\/08\/End-Overdose-FR-x-4-18x9.png 18w\" sizes=\"auto, (max-width: 6912px) 100vw, 6912px\" \/>\t\t\t\t\t<\/div>\n\t\t\t\t\t\t\t\t\t\t\t<\/a>\n\t\t\t\t\t\t\t\t\t<\/div>\n\t\t\t<\/div>\n\t\t\t\t\t<\/li>\n\t\t<\/ul>\t\t\t\t<ol class=\"sow-slider-pagination\">\n\t\t\t\t\t\t\t\t\t\t\t<li><a href=\"#\" data-goto=\"0\" aria-label=\"Display slide 1\"><\/a><\/li>\n\t\t\t\t\t\t\t\t\t\t\t<li><a href=\"#\" data-goto=\"1\" aria-label=\"Display slide 2\"><\/a><\/li>\n\t\t\t\t\t\t\t\t\t<\/ol>\n\n\t\t\t\t<div class=\"sow-slide-nav sow-slide-nav-next\">\n\t\t\t\t\t<a href=\"#\" data-goto=\"next\" aria-label=\"Next slide\" data-action=\"next\">\n\t\t\t\t\t\t<em class=\"sow-sld-icon-thin-right\"><\/em>\n\t\t\t\t\t<\/a>\n\t\t\t\t<\/div>\n\n\t\t\t\t<div class=\"sow-slide-nav sow-slide-nav-prev\">\n\t\t\t\t\t<a href=\"#\" data-goto=\"previous\" aria-label=\"Previous slide\" data-action=\"prev\">\n\t\t\t\t\t\t<em class=\"sow-sld-icon-thin-left\"><\/em>\n\t\t\t\t\t<\/a>\n\t\t\t\t<\/div>\n\t\t\t\t<\/div><\/div><\/div><\/div><\/div><\/div><div id=\"pg-102-4\"  class=\"panel-grid panel-has-style\" ><div class=\"panel-row-style panel-row-style-for-102-4\" ><div id=\"pgc-102-4-0\"  class=\"panel-grid-cell\" ><div id=\"panel-102-4-0-0\" class=\"so-panel widget widget_text panel-first-child panel-last-child\" data-index=\"9\" ><div class=\"kt-pb-animation kt-pb-fadeInRight kt-pb-duration-900 kt-pb-delay- panel-widget-style panel-widget-style-for-102-4-0-0\" >\t\t\t<div class=\"textwidget\"><h2>Notre D\u00e9marche<\/h2>\n<\/div>\n\t\t<\/div><\/div><\/div><\/div><\/div><div id=\"sep-pg-102-5\" class=\"panel-grid panel-has-style\" ><div style=\"background-color:#ffffff;opacity: 0;\" class=\"panel-row-style kt-row-style-no-padding siteorigin-panels-stretch kt-panel-row-stretch\" data-stretch-type=\"full\" ><div class=\"inner-sep-content-wrap\"><div id=\"pg-102-5\"  class=\"panel-grid panel-has-style\" ><div class=\"panel-row-style panel-row-style-for-102-5\" ><div id=\"pgc-102-5-0\"  class=\"panel-grid-cell\" >\n                <div id=\"panel-102-5-0-0\" class=\"so-panel widget widget_kadence_icon_flip_box_widget kadence_icon_flip_box_widget panel-first-child panel-last-child\" data-index=\"10\" ><div class=\"kt-pb-animation kt-pb-fadeInLeft kt-pb-duration-900 kt-pb-delay- panel-widget-style panel-widget-style-for-102-5-0-0\" >                <div class=\"kt-flip-box-contain kt-mhover-inactive kt-m-hover kt-flip-box-10\" style=\"\"><div class=\"kt-flip-box-flipper\"><div class=\"kt-flip-box-front\" style=\"color:#444; background:#fff; \"><div class=\"kt-flip-box-front-inner\"><img decoding=\"async\" src=\"https:\/\/tdas.ca\/wp-content\/uploads\/2023\/03\/Prevention_1.png\" class=\"kad-flip-box-img kt-flip-icon\"><h4 style=\"color:#014e6e; font-size:20px\">Pr\u00e9vention<\/h4><\/div><\/div><div class=\"kt-flip-box-back\" style=\"color:#ffffff; background:#014e6e;\"><div class=\"kt-flip-box-back-inner\"><div style=\"color:#ffffff;\">Pr\u00e9venir la consommation de substances \u00e0 risque \u00e9lev\u00e9.\n<\/div><a href=\"\/fr\/strategy\/\" target=\"_blank\" style=\"background:#79b35f; color:#ffffff; border:2px solid #79b35f; border-radius:0;\" class=\"kt-flip-btn button btn\">Vous pouvez voir ce document ici.<\/a><\/div><\/div><\/div><\/div>\n                <\/div><\/div>\n    <\/div><div id=\"pgc-102-5-1\"  class=\"panel-grid-cell\" >\n                <div id=\"panel-102-5-1-0\" class=\"so-panel widget widget_kadence_icon_flip_box_widget kadence_icon_flip_box_widget panel-first-child panel-last-child\" data-index=\"11\" ><div class=\"kt-pb-animation kt-pb-fadeInLeft kt-pb-duration-900 kt-pb-delay- panel-widget-style panel-widget-style-for-102-5-1-0\" >                <div class=\"kt-flip-box-contain kt-mhover-inactive kt-m-hover kt-flip-box-50\" style=\"\"><div class=\"kt-flip-box-flipper\"><div class=\"kt-flip-box-front\" style=\"color:#444; background:#fff; \"><div class=\"kt-flip-box-front-inner\"><img decoding=\"async\" src=\"https:\/\/tdas.ca\/wp-content\/uploads\/2023\/03\/harm-reduction-1.png\" class=\"kad-flip-box-img kt-flip-icon\"><h4 style=\"color:#014e6e; font-size:20px\">R\u00e9duction des m\u00e9faits<\/h4><\/div><\/div><div class=\"kt-flip-box-back\" style=\"color:#ffffff; background:#014e6e;\"><div class=\"kt-flip-box-back-inner\"><div style=\"color:#ffffff;\">R\u00e9duire les cons\u00e9quences n\u00e9gatives de la consommation de substances sans forcer les gens \u00e0 arr\u00eater de consommer.<\/div><a href=\"\/fr\/strategy\/\" target=\"_blank\" style=\"background:#79b35f; color:#ffffff; border:2px solid #79b35f; border-radius:0;\" class=\"kt-flip-btn button btn\">Vous pouvez voir ce document ici.<\/a><\/div><\/div><\/div><\/div>\n                <\/div><\/div>\n    <\/div><div id=\"pgc-102-5-2\"  class=\"panel-grid-cell\" >\n                <div id=\"panel-102-5-2-0\" class=\"so-panel widget widget_kadence_icon_flip_box_widget kadence_icon_flip_box_widget panel-first-child panel-last-child\" data-index=\"12\" ><div class=\"kt-pb-animation kt-pb-fadeInRight kt-pb-duration-900 kt-pb-delay- panel-widget-style panel-widget-style-for-102-5-2-0\" >                <div class=\"kt-flip-box-contain kt-mhover-inactive kt-m-hover kt-flip-box-23\" style=\"\"><div class=\"kt-flip-box-flipper\"><div class=\"kt-flip-box-front\" style=\"color:#444; background:#fff; \"><div class=\"kt-flip-box-front-inner\"><img decoding=\"async\" src=\"https:\/\/tdas.ca\/wp-content\/uploads\/2023\/03\/Treatment-1.png\" class=\"kad-flip-box-img kt-flip-icon\"><h4 style=\"color:#014e6e; font-size:20px\">Traitement<\/h4><\/div><\/div><div class=\"kt-flip-box-back\" style=\"color:#ffffff; background:#014e6e;\"><div class=\"kt-flip-box-back-inner\"><div style=\"color:#ffffff;\">Appuyer des approches innovantes du traitement et de la r\u00e9adaptation.<\/div><a href=\"\/fr\/strategy\/\" target=\"_blank\" style=\"background:#79b35f; color:#fff; border:2px solid #79B35F; border-radius:0;\" class=\"kt-flip-btn button btn\">Vous pouvez voir ce document ici.<\/a><\/div><\/div><\/div><\/div>\n                <\/div><\/div>\n    <\/div><div id=\"pgc-102-5-3\"  class=\"panel-grid-cell\" >\n                <div id=\"panel-102-5-3-0\" class=\"so-panel widget widget_kadence_icon_flip_box_widget kadence_icon_flip_box_widget panel-first-child panel-last-child\" data-index=\"13\" ><div class=\"kt-pb-animation kt-pb-fadeInRight kt-pb-duration-900 kt-pb-delay- panel-widget-style panel-widget-style-for-102-5-3-0\" >                <div class=\"kt-flip-box-contain kt-mhover-inactive kt-m-hover kt-flip-box-30\" style=\"\"><div class=\"kt-flip-box-flipper\"><div class=\"kt-flip-box-front\" style=\"color:#444; background:#fff; \"><div class=\"kt-flip-box-front-inner\"><img decoding=\"async\" src=\"https:\/\/tdas.ca\/wp-content\/uploads\/2023\/03\/Community-Safety-1.png\" class=\"kad-flip-box-img kt-flip-icon\"><h4 style=\"color:#014e6e; font-size:20px\">S\u00e9curit\u00e9 communautaire<\/h4><\/div><\/div><div class=\"kt-flip-box-back\" style=\"color:#ffffff; background:#014e6e;\"><div class=\"kt-flip-box-back-inner\"><div style=\"color:#ffffff;\">R\u00e9duire les activit\u00e9s criminelles et les probl\u00e8mes de s\u00e9curit\u00e9 communautaire associ\u00e9s \u00e0 la consommation de substances tout en \u00e9tablissant des relations de confiance avec les membres de la communaut\u00e9.<\/div><a href=\"\/fr\/strategy\/\" target=\"_self\" style=\"background:#79b35f; color:#ffffff; border:2px solid #79B35F; border-radius:0;\" class=\"kt-flip-btn button btn\">Vous pouvez voir ce document ici.<\/a><\/div><\/div><\/div><\/div>\n                <\/div><\/div>\n    <\/div><\/div><\/div><div class=\"panel-row-style kt-row-style-no-padding kt_sep_panel sep_left_triangle siteorigin-panels-stretch\" data-stretch-type=\"full-stretched\"><svg style=\"fill:#014e6e;\" viewbox=\"0 0 2000 100\" preserveaspectratio=\"none\"><polygon xmlns=\"http:\/\/www.w3.org\/2000\/svg\" points=\"600,90 0,0 0,100 2000,100 2000,0 \"><\/polygon><\/svg><\/div><\/div><\/div><\/div><\/div>","protected":false},"excerpt":{"rendered":"<p>Since early 2021, more than 20 representatives from local organizations, agencies and people with lived and living experience have been &hellip; <a class=\"kt-excerpt-readmore more-link\" href=\"https:\/\/tdas.ca\/fr\/\" aria-label=\"Home\">Lire<\/a><\/p>","protected":false},"author":1,"featured_media":0,"parent":0,"menu_order":0,"comment_status":"closed","ping_status":"closed","template":"","meta":{"om_disable_all_campaigns":false,"_monsterinsights_skip_tracking":false,"_monsterinsights_sitenote_active":false,"_monsterinsights_sitenote_note":"","_monsterinsights_sitenote_category":0,"_uf_show_specific_survey":0,"_uf_disable_surveys":false,"footnotes":""},"class_list":["post-102","page","type-page","status-publish","hentry"],"aioseo_notices":[],"_links":{"self":[{"href":"https:\/\/tdas.ca\/fr\/wp-json\/wp\/v2\/pages\/102","targetHints":{"allow":["GET"]}}],"collection":[{"href":"https:\/\/tdas.ca\/fr\/wp-json\/wp\/v2\/pages"}],"about":[{"href":"https:\/\/tdas.ca\/fr\/wp-json\/wp\/v2\/types\/page"}],"author":[{"embeddable":true,"href":"https:\/\/tdas.ca\/fr\/wp-json\/wp\/v2\/users\/1"}],"replies":[{"embeddable":true,"href":"https:\/\/tdas.ca\/fr\/wp-json\/wp\/v2\/comments?post=102"}],"version-history":[{"count":213,"href":"https:\/\/tdas.ca\/fr\/wp-json\/wp\/v2\/pages\/102\/revisions"}],"predecessor-version":[{"id":3183,"href":"https:\/\/tdas.ca\/fr\/wp-json\/wp\/v2\/pages\/102\/revisions\/3183"}],"wp:attachment":[{"href":"https:\/\/tdas.ca\/fr\/wp-json\/wp\/v2\/media?parent=102"}],"curies":[{"name":"wp","href":"https:\/\/api.w.org\/{rel}","templated":true}]}}