{"id":2442,"date":"2023-05-02T14:48:32","date_gmt":"2023-05-02T14:48:32","guid":{"rendered":"https:\/\/tdas.ca\/?page_id=2442"},"modified":"2023-08-03T15:01:55","modified_gmt":"2023-08-03T19:01:55","slug":"news-events","status":"publish","type":"page","link":"https:\/\/tdas.ca\/fr\/news-events\/","title":{"rendered":"Actualit\u00e9s et \u00e9v\u00e9nements"},"content":{"rendered":"<div id=\"pl-2442\"  class=\"panel-layout\" ><div id=\"pg-2442-0\"  class=\"panel-grid panel-no-style\" ><div id=\"pgc-2442-0-0\"  class=\"panel-grid-cell panel-grid-cell-empty panel-grid-cell-mobile-last\" ><\/div><div id=\"pgc-2442-0-1\"  class=\"panel-grid-cell panel-grid-cell-empty\" ><\/div><\/div><\/div>","protected":false},"excerpt":{"rendered":"","protected":false},"author":1,"featured_media":0,"parent":0,"menu_order":0,"comment_status":"closed","ping_status":"closed","template":"template-blog.php","meta":{"om_disable_all_campaigns":false,"_monsterinsights_skip_tracking":false,"_monsterinsights_sitenote_active":false,"_monsterinsights_sitenote_note":"","_monsterinsights_sitenote_category":0,"_uf_show_specific_survey":0,"_uf_disable_surveys":false,"footnotes":""},"class_list":["post-2442","page","type-page","status-publish","hentry"],"aioseo_notices":[],"_links":{"self":[{"href":"https:\/\/tdas.ca\/fr\/wp-json\/wp\/v2\/pages\/2442","targetHints":{"allow":["GET"]}}],"collection":[{"href":"https:\/\/tdas.ca\/fr\/wp-json\/wp\/v2\/pages"}],"about":[{"href":"https:\/\/tdas.ca\/fr\/wp-json\/wp\/v2\/types\/page"}],"author":[{"embeddable":true,"href":"https:\/\/tdas.ca\/fr\/wp-json\/wp\/v2\/users\/1"}],"replies":[{"embeddable":true,"href":"https:\/\/tdas.ca\/fr\/wp-json\/wp\/v2\/comments?post=2442"}],"version-history":[{"count":2,"href":"https:\/\/tdas.ca\/fr\/wp-json\/wp\/v2\/pages\/2442\/revisions"}],"predecessor-version":[{"id":2766,"href":"https:\/\/tdas.ca\/fr\/wp-json\/wp\/v2\/pages\/2442\/revisions\/2766"}],"wp:attachment":[{"href":"https:\/\/tdas.ca\/fr\/wp-json\/wp\/v2\/media?parent=2442"}],"curies":[{"name":"wp","href":"https:\/\/api.w.org\/{rel}","templated":true}]}}