{"id":3166,"date":"2024-12-17T16:41:37","date_gmt":"2024-12-17T20:41:37","guid":{"rendered":"https:\/\/tdas.ca\/?page_id=3166"},"modified":"2025-05-14T16:53:56","modified_gmt":"2025-05-14T20:53:56","slug":"topics","status":"publish","type":"page","link":"https:\/\/tdas.ca\/fr\/topics\/","title":{"rendered":"Sujets"},"content":{"rendered":"<div id=\"pl-3166\"  class=\"panel-layout\" ><div id=\"pg-3166-0\"  class=\"panel-grid panel-has-style\" ><div class=\"panel-row-style panel-row-style-for-3166-0\" ><div id=\"pgc-3166-0-0\"  class=\"panel-grid-cell\" >\n\n        <div id=\"panel-3166-0-0-0\" class=\"so-panel widget widget_kadence_calltoaction_widget kadence_calltoaction_widget panel-first-child panel-last-child\" data-index=\"0\" ><div class=\"kt-pb-animation kt-pb-fadeIn kt-pb-duration-900 kt-pb-delay- panel-widget-style panel-widget-style-for-3166-0-0-0\" ><div class=\"kt-ctaw clearfix\"><h5 class=\"kt-call-to-action-abovetitle\" style=\" font-size:16px; line-height:1; text-align:center; \"  data-max-size=\"16\" data-min-size=\"16\">Informez-vous sur la sant\u00e9 li\u00e9e \u00e0 la consommation de substances \u00e0 partir de sources fond\u00e9es sur des donn\u00e9es probantes.<\/h5><h2 class=\"kt-call-to-action-title\" style=\"color:#444444; font-size:60px; line-height:1; text-align:center; font-weight:300;\"  data-max-size=\"60\" data-min-size=\"60\">Sujets sur la consommation de substances<\/h2><\/div><\/div><\/div>\n    <\/div><\/div><\/div><div id=\"pg-3166-1\"  class=\"panel-grid panel-has-style\" ><div class=\"panel-row-style panel-row-style-for-3166-1\" ><div id=\"pgc-3166-1-0\"  class=\"panel-grid-cell panel-grid-cell-mobile-last\" >\n\n          <div id=\"panel-3166-1-0-0\" class=\"so-panel widget widget_kadence_infobox_widget kadence_infobox_widget panel-first-child panel-last-child\" data-index=\"1\" ><div class=\"kt-pb-animation kt-pb-fadeInLeft kt-pb-duration-900 kt-pb-delay- panel-widget-style panel-widget-style-for-3166-1-0-0\" >\t<a href=\"https:\/\/knowalcohol.ca\/\" target=\"_blank\" class=\"kadinfolink\">\t<div class=\"kad-info-box kad-info-box-684  infoicon-side-right clearfix\" style=\"\t\t\t\t\t\t\t\t\t\t\t\t\t background:#fbb117\t\">\n\t\t<div class=\"kt-info-icon-case\">\t\t\t \n\t\t\t\t\t\t\t\t\t<div class=\"inner-info-icon-case \t\t\t\t\tkad-circle-iconclass\" style=\"\t\t\t\t\tbackground:#eeeeee;\t\t\twidth:40px; height:40px; \"><i class=\"kt-icon-beer\" style=\"font-size:30px; \t\t\t\t\t\tcolor:#444444;\t\t\tline-height:40px;\"><\/i><\/div>\n\t\t\t<\/div>\t\t\t<div class=\"kt-info-content-case\" style=\"\t\t\tcolor:#444444;\t\t\t\">\n\t\t\t\t\t\t\t\t<h4 style=\"\t\t\t\t\tcolor:#444444;\t\t\t\t\t\">Know Alcohol <\/h4>\n\t\t\t\tSource : Institut canadien de la recherche sur l'utilisation des substances, affili\u00e9 \u00e0 l'Universit\u00e9 de Victoria.<\/div>\t<\/div>\n\t<\/a><\/div><\/div>\n    <\/div><div id=\"pgc-3166-1-1\"  class=\"panel-grid-cell panel-grid-cell-empty\" ><\/div><\/div><\/div><div id=\"pg-3166-2\"  class=\"panel-grid panel-has-style\" ><div class=\"panel-row-style panel-row-style-for-3166-2\" ><div id=\"pgc-3166-2-0\"  class=\"panel-grid-cell panel-grid-cell-empty\" ><\/div><div id=\"pgc-3166-2-1\"  class=\"panel-grid-cell\" >\n\n          <div id=\"panel-3166-2-1-0\" class=\"so-panel widget widget_kadence_infobox_widget kadence_infobox_widget panel-first-child panel-last-child\" data-index=\"2\" ><div class=\"kt-pb-animation kt-pb-fadeInRight kt-pb-duration-900 kt-pb-delay- panel-widget-style panel-widget-style-for-3166-2-1-0\" >\t<a href=\"https:\/\/www.ottawapublichealth.ca\/en\/public-health-topics\/know-your-responsibility-.aspx\" target=\"_blank\" class=\"kadinfolink\">\t<div class=\"kad-info-box kad-info-box-837  infoicon-side-left clearfix\" style=\"\t\t\t\t\t\t\t\t\t\t\t\t\t background:#6fba4a\t\">\n\t\t<div class=\"kt-info-icon-case\">\t\t\t \n\t\t\t\t\t\t\t\t\t<div class=\"inner-info-icon-case \t\t\t\t\tkad-circle-iconclass\" style=\"\t\t\t\t\tbackground:#eeeeee;\t\t\twidth:40px; height:40px; \"><i class=\"kt-icon-leaf\" style=\"font-size:30px; \t\t\t\t\t\tcolor:#444444;\t\t\tline-height:40px;\"><\/i><\/div>\n\t\t\t<\/div>\t\t\t<div class=\"kt-info-content-case\" style=\"\t\t\tcolor:#444444;\t\t\t\">\n\t\t\t\t\t\t\t\t<h4 style=\"\t\t\t\t\tcolor:#444444;\t\t\t\t\t\">Utilisation de cannabis \u00e0 moindre risque<\/h4>\n\t\t\t\tSource: Ottawa Public Health.<\/div>\t<\/div>\n\t<\/a><\/div><\/div>\n    <\/div><\/div><\/div><div id=\"pg-3166-3\"  class=\"panel-grid panel-has-style\" ><div class=\"panel-row-style panel-row-style-for-3166-3\" ><div id=\"pgc-3166-3-0\"  class=\"panel-grid-cell panel-grid-cell-empty panel-grid-cell-mobile-last\" ><\/div><div id=\"pgc-3166-3-1\"  class=\"panel-grid-cell panel-grid-cell-empty\" ><\/div><\/div><\/div><\/div>","protected":false},"excerpt":{"rendered":"<p>Learn about Substance Use Health from Evidence-based SourcesSubstance Use Topics Know Alcohol Source: Canadian Institute for Substance Use Research Affiliated &hellip; <a class=\"kt-excerpt-readmore more-link\" href=\"https:\/\/tdas.ca\/fr\/topics\/\" aria-label=\"Sujets\">Lire<\/a><\/p>","protected":false},"author":7,"featured_media":0,"parent":0,"menu_order":0,"comment_status":"closed","ping_status":"closed","template":"","meta":{"om_disable_all_campaigns":false,"_monsterinsights_skip_tracking":false,"_monsterinsights_sitenote_active":false,"_monsterinsights_sitenote_note":"","_monsterinsights_sitenote_category":0,"_uf_show_specific_survey":0,"_uf_disable_surveys":false,"footnotes":""},"class_list":["post-3166","page","type-page","status-publish","hentry"],"aioseo_notices":[],"_links":{"self":[{"href":"https:\/\/tdas.ca\/fr\/wp-json\/wp\/v2\/pages\/3166","targetHints":{"allow":["GET"]}}],"collection":[{"href":"https:\/\/tdas.ca\/fr\/wp-json\/wp\/v2\/pages"}],"about":[{"href":"https:\/\/tdas.ca\/fr\/wp-json\/wp\/v2\/types\/page"}],"author":[{"embeddable":true,"href":"https:\/\/tdas.ca\/fr\/wp-json\/wp\/v2\/users\/7"}],"replies":[{"embeddable":true,"href":"https:\/\/tdas.ca\/fr\/wp-json\/wp\/v2\/comments?post=3166"}],"version-history":[{"count":30,"href":"https:\/\/tdas.ca\/fr\/wp-json\/wp\/v2\/pages\/3166\/revisions"}],"predecessor-version":[{"id":3283,"href":"https:\/\/tdas.ca\/fr\/wp-json\/wp\/v2\/pages\/3166\/revisions\/3283"}],"wp:attachment":[{"href":"https:\/\/tdas.ca\/fr\/wp-json\/wp\/v2\/media?parent=3166"}],"curies":[{"name":"wp","href":"https:\/\/api.w.org\/{rel}","templated":true}]}}