{"id":3247,"date":"2025-05-09T14:58:24","date_gmt":"2025-05-09T18:58:24","guid":{"rendered":"https:\/\/tdas.ca\/?page_id=3247"},"modified":"2025-05-12T16:33:06","modified_gmt":"2025-05-12T20:33:06","slug":"hr","status":"publish","type":"page","link":"https:\/\/tdas.ca\/fr\/hr\/","title":{"rendered":"Services de r\u00e9duction des m\u00e9faits"},"content":{"rendered":"<div id=\"pl-3247\"  class=\"panel-layout\" ><div id=\"pg-3247-0\"  class=\"panel-grid panel-no-style\" ><div id=\"pgc-3247-0-0\"  class=\"panel-grid-cell panel-grid-cell-empty\" ><\/div><\/div><div id=\"pg-3247-1\"  class=\"panel-grid panel-no-style\" ><div id=\"pgc-3247-1-0\"  class=\"panel-grid-cell\" ><div id=\"panel-3247-1-0-0\" class=\"so-panel widget widget_text panel-first-child\" data-index=\"0\" ><div class=\"panel-widget-style panel-widget-style-for-3247-1-0-0\" ><h3 class=\"widget-title\">\u00c9limination des objets tranchants et autres services de r\u00e9duction des m\u00e9faits<\/h3>\t\t\t<div class=\"textwidget\"><p>Utilisez cet outil pour rep\u00e9rer les lieux de collecte des objets tranchants ainsi que les fournitures et services de r\u00e9duction des m\u00e9faits.<\/p>\n<p>Cet outil a \u00e9t\u00e9 d\u00e9velopp\u00e9 par le Programme ontarien de distribution de mat\u00e9riel de r\u00e9duction des m\u00e9faits (OHRDP).<\/p>\n<p class=\"translation-block\">Cliquez sur <strong>\u00ab Plus de filtres \u00bb<\/strong> \u2192 S\u00e9lectionnez <strong>\u00ab \u00c9limination des objets tranchants \u00bb<\/strong> \u2192 Entrez et s\u00e9lectionnez <strong>le nom de votre ville ou municipalit\u00e9<\/strong>.<\/p>\n<\/div>\n\t\t<\/div><\/div><div id=\"panel-3247-1-0-1\" class=\"widget_text so-panel widget widget_custom_html panel-last-child\" data-index=\"1\" ><div class=\"textwidget custom-html-widget\"><iframe src=\"https:\/\/ohrdp.ca\/find-supplies\/\" width=\"100%\" height=\"1200\" style=\"border:0;\" allowfullscreen loading=\"lazy\"><\/iframe>\n<\/div><\/div><\/div><\/div><\/div>","protected":false},"excerpt":{"rendered":"<p>Use the following tool to navigate sharps disposal, collection locations, harm reduction supplies and services. This tool was developed by &hellip; <a class=\"kt-excerpt-readmore more-link\" href=\"https:\/\/tdas.ca\/fr\/hr\/\" aria-label=\"Services de r\u00e9duction des m\u00e9faits\">Lire<\/a><\/p>","protected":false},"author":7,"featured_media":0,"parent":0,"menu_order":0,"comment_status":"closed","ping_status":"closed","template":"","meta":{"om_disable_all_campaigns":false,"_monsterinsights_skip_tracking":false,"_monsterinsights_sitenote_active":false,"_monsterinsights_sitenote_note":"","_monsterinsights_sitenote_category":0,"_uf_show_specific_survey":0,"_uf_disable_surveys":false,"footnotes":""},"class_list":["post-3247","page","type-page","status-publish","hentry"],"aioseo_notices":[],"_links":{"self":[{"href":"https:\/\/tdas.ca\/fr\/wp-json\/wp\/v2\/pages\/3247","targetHints":{"allow":["GET"]}}],"collection":[{"href":"https:\/\/tdas.ca\/fr\/wp-json\/wp\/v2\/pages"}],"about":[{"href":"https:\/\/tdas.ca\/fr\/wp-json\/wp\/v2\/types\/page"}],"author":[{"embeddable":true,"href":"https:\/\/tdas.ca\/fr\/wp-json\/wp\/v2\/users\/7"}],"replies":[{"embeddable":true,"href":"https:\/\/tdas.ca\/fr\/wp-json\/wp\/v2\/comments?post=3247"}],"version-history":[{"count":9,"href":"https:\/\/tdas.ca\/fr\/wp-json\/wp\/v2\/pages\/3247\/revisions"}],"predecessor-version":[{"id":3269,"href":"https:\/\/tdas.ca\/fr\/wp-json\/wp\/v2\/pages\/3247\/revisions\/3269"}],"wp:attachment":[{"href":"https:\/\/tdas.ca\/fr\/wp-json\/wp\/v2\/media?parent=3247"}],"curies":[{"name":"wp","href":"https:\/\/api.w.org\/{rel}","templated":true}]}}