{"id":3270,"date":"2025-05-12T16:45:59","date_gmt":"2025-05-12T20:45:59","guid":{"rendered":"https:\/\/tdas.ca\/?page_id=3270"},"modified":"2025-05-12T17:15:09","modified_gmt":"2025-05-12T21:15:09","slug":"sharps","status":"publish","type":"page","link":"https:\/\/tdas.ca\/fr\/sharps\/","title":{"rendered":"Objets tranchants et perforants"},"content":{"rendered":"<div id=\"pl-3270\"  class=\"panel-layout\" ><div id=\"pg-3270-0\"  class=\"panel-grid panel-no-style\" ><div id=\"pgc-3270-0-0\"  class=\"panel-grid-cell panel-grid-cell-empty\" ><\/div><\/div><div id=\"pg-3270-1\"  class=\"panel-grid panel-no-style\" ><div id=\"pgc-3270-1-0\"  class=\"panel-grid-cell\" ><div id=\"panel-3270-1-0-0\" class=\"so-panel widget widget_text panel-first-child panel-last-child\" data-index=\"0\" ><div class=\"panel-widget-style panel-widget-style-for-3270-1-0-0\" ><h3 class=\"widget-title\">Soyez prudent avec les objets tranchants<\/h3>\t\t\t<div class=\"textwidget\"><p>Sur cette page : Redirig\u00e9 depuis les Services de sant\u00e9 du Timiskaming<\/p>\n<ul>\n<li>Qu\u2019est-ce qu\u2019un objet tranchant ?<\/li>\n<li>Comment ramasser les objets tranchants en toute s\u00e9curit\u00e9 (Vid\u00e9o explicative ci-dessous)<\/li>\n<li>Emplacements des bacs \u00e0 objets tranchants<\/li>\n<\/ul>\n<\/div>\n\t\t<\/div><\/div><\/div><\/div><div id=\"pg-3270-2\"  class=\"panel-grid panel-no-style\" ><div id=\"pgc-3270-2-0\"  class=\"panel-grid-cell\" ><div id=\"panel-3270-2-0-0\" class=\"widget_text so-panel widget widget_custom_html panel-first-child panel-last-child\" data-index=\"1\" ><div class=\"textwidget custom-html-widget\"><iframe src=\"https:\/\/www.timiskaminghu.com\/434\/Harm-Reduction-Services#SharpsDisposal\" width=\"100%\" height=\"1200\" style=\"border:0;\" allowfullscreen loading=\"lazy\"><\/iframe>\n<\/div><\/div><\/div><\/div><\/div>","protected":false},"excerpt":{"rendered":"<p>On this page (redirected from the Timiskaming Health Unit): What is a sharp? How to safely pick up sharps (Instructional &hellip; <a class=\"kt-excerpt-readmore more-link\" href=\"https:\/\/tdas.ca\/fr\/sharps\/\" aria-label=\"Objets tranchants et perforants\">Lire<\/a><\/p>","protected":false},"author":7,"featured_media":0,"parent":0,"menu_order":0,"comment_status":"closed","ping_status":"closed","template":"","meta":{"om_disable_all_campaigns":false,"_monsterinsights_skip_tracking":false,"_monsterinsights_sitenote_active":false,"_monsterinsights_sitenote_note":"","_monsterinsights_sitenote_category":0,"_uf_show_specific_survey":0,"_uf_disable_surveys":false,"footnotes":""},"class_list":["post-3270","page","type-page","status-publish","hentry"],"aioseo_notices":[],"_links":{"self":[{"href":"https:\/\/tdas.ca\/fr\/wp-json\/wp\/v2\/pages\/3270","targetHints":{"allow":["GET"]}}],"collection":[{"href":"https:\/\/tdas.ca\/fr\/wp-json\/wp\/v2\/pages"}],"about":[{"href":"https:\/\/tdas.ca\/fr\/wp-json\/wp\/v2\/types\/page"}],"author":[{"embeddable":true,"href":"https:\/\/tdas.ca\/fr\/wp-json\/wp\/v2\/users\/7"}],"replies":[{"embeddable":true,"href":"https:\/\/tdas.ca\/fr\/wp-json\/wp\/v2\/comments?post=3270"}],"version-history":[{"count":7,"href":"https:\/\/tdas.ca\/fr\/wp-json\/wp\/v2\/pages\/3270\/revisions"}],"predecessor-version":[{"id":3279,"href":"https:\/\/tdas.ca\/fr\/wp-json\/wp\/v2\/pages\/3270\/revisions\/3279"}],"wp:attachment":[{"href":"https:\/\/tdas.ca\/fr\/wp-json\/wp\/v2\/media?parent=3270"}],"curies":[{"name":"wp","href":"https:\/\/api.w.org\/{rel}","templated":true}]}}