{"id":814,"date":"2021-11-11T16:36:52","date_gmt":"2021-11-11T16:36:52","guid":{"rendered":"https:\/\/tdas.ca\/?page_id=814"},"modified":"2023-08-29T14:18:02","modified_gmt":"2023-08-29T18:18:02","slug":"strategy","status":"publish","type":"page","link":"https:\/\/tdas.ca\/fr\/strategy\/","title":{"rendered":"LA STRAT\u00c9GIE"},"content":{"rendered":"<div id=\"pl-814\"  class=\"panel-layout\" ><div id=\"sep-pg-814-0\" class=\"panel-grid panel-has-style\" ><div style=\"background-color:#067b84;opacity: 0;\" class=\"panel-row-style kt-row-style-no-padding kt-no-vertical-gutter siteorigin-panels-stretch kt-panel-row-stretch\" data-stretch-type=\"full\" ><div class=\"inner-sep-content-wrap\"><div id=\"pg-814-0\"  class=\"panel-grid panel-has-style\" ><div class=\"panel-row-style panel-row-style-for-814-0\" ><div id=\"pgc-814-0-0\"  class=\"panel-grid-cell\" >\n\n        <div id=\"panel-814-0-0-0\" class=\"so-panel widget widget_kadence_calltoaction_widget kadence_calltoaction_widget panel-first-child panel-last-child\" data-index=\"0\" ><div class=\"panel-widget-style panel-widget-style-for-814-0-0-0\" ><div class=\"kt-ctaw clearfix\"><h2 class=\"kt-call-to-action-title\" style=\"color:#ffffff; font-size:40px; line-height:1; text-align:center; \"  data-max-size=\"40\" data-min-size=\"20\">Introducing the Strategy<\/h2><\/div><\/div><\/div>\n    <\/div><\/div><\/div><div class=\"panel-row-style kt-row-style-no-padding kt_sep_panel sep_center_small_triangle siteorigin-panels-stretch\" data-stretch-type=\"full-stretched\"><div class=\"sep-triangle-bottom\" style=\"border-top-color:#067b84\"><\/div><\/div><\/div><\/div><\/div><div id=\"pg-814-1\"  class=\"panel-grid panel-has-style\" ><div class=\"panel-row-style panel-row-style-for-814-1\" ><div id=\"pgc-814-1-0\"  class=\"panel-grid-cell\" ><div id=\"panel-814-1-0-0\" class=\"so-panel widget widget_text panel-first-child panel-last-child\" data-index=\"1\" ><div class=\"kt-pb-animation kt-pb-fadeInLeft kt-pb-duration-900 kt-pb-delay- panel-widget-style panel-widget-style-for-814-1-0-0\" >\t\t\t<div class=\"textwidget\"><p>Il est ressorti de la phase de planification de la strat\u00e9gie quatre orientations strat\u00e9giques, qui\nont permis de d\u00e9terminer les d\u00e9marches cl\u00e9s n\u00e9cessaires pour permettre l\u2019atteinte du but de\nla SDAT, soit :<\/p>\n<p>Les objectifs et les mesures \u00e0 prendre ont \u00e9t\u00e9 \u00e9labor\u00e9s par les quatre groupes en fonction des\npiliers, lesquels rel\u00e8vent d\u2019une ou de plusieurs des orientations strat\u00e9giques susmentionn\u00e9es.\nNous avons d\u00e9j\u00e0 pris des mesures relativement \u00e0 certains des plans ci-dessous, tandis que\nd\u2019autres sont des initiatives \u00e0 long terme<\/p>\n<\/div>\n\t\t<\/div><\/div><\/div><\/div><\/div><div id=\"pg-814-2\"  class=\"panel-grid panel-has-style\" ><div class=\"panel-row-style panel-row-style-for-814-2\" ><div id=\"pgc-814-2-0\"  class=\"panel-grid-cell\" >\n\n          <div id=\"panel-814-2-0-0\" class=\"so-panel widget widget_kadence_infobox_widget kadence_infobox_widget panel-first-child panel-last-child\" data-index=\"2\" ><div class=\"panel-widget-style panel-widget-style-for-814-2-0-0\" >\t\t<div class=\"kad-info-box kad-info-box-618  infoicon-side-above clearfix\" style=\"\t\t\t\t\t\t\t\t\t\t\t\t\t \t\">\n\t\t<div class=\"kt-info-icon-case\"><img decoding=\"async\" src=\"https:\/\/tdas.ca\/wp-content\/uploads\/2023\/03\/Prevention_1.png\" alt=\"\"><\/div>\t\t\t<div class=\"kt-info-content-case\" style=\"\t\t\t\t\t\t\">\n\t\t\t\t\t\t\t\t<h4 style=\"\t\t\t\t\t\t\t\t\t\t\">Pr\u00e9vention<\/h4>\n\t\t\t\tPr\u00e9venir la consommation de substances \u00e0 risque \u00e9lev\u00e9.<\/div>\t<\/div>\n\t<\/div><\/div>\n    <\/div><\/div><\/div><div id=\"pg-814-3\"  class=\"panel-grid panel-no-style\" ><div id=\"pgc-814-3-0\"  class=\"panel-grid-cell\" ><div id=\"panel-814-3-0-0\" class=\"so-panel widget widget_text panel-first-child panel-last-child\" data-index=\"3\" ><div class=\"kt-pb-animation kt-pb-fadeInLeft kt-pb-duration-900 kt-pb-delay- panel-widget-style panel-widget-style-for-814-3-0-0\" ><h3 class=\"widget-title\">Ce que nous esp\u00e9rons accomplir gr\u00e2ce aux efforts de pr\u00e9vention:<\/h3>\t\t\t<div class=\"textwidget\"><ul>\n<li class=\"p1\">R\u00e9duire le taux de consommation \u00e0 risque \u00e9lev\u00e9 de substances durant toute une vie.<\/li>\n<li class=\"p1\">Retarder le d\u00e9but possible de la consommation de\nsubstances chez les jeunes.<\/li>\n<li class=\"p1\">Renforcer les facteurs de protection contre la consommation \u00e0 risque \u00e9lev\u00e9 de substances.<\/li>\n<li class=\"p1\">R\u00e9duire les facteurs de risque en mati\u00e8re de consommation \u00e0 risque \u00e9lev\u00e9 de substances,\ny compris la stigmatisation qui y est associ\u00e9e.<\/li>\n<\/ul>\n<\/div>\n\t\t<\/div><\/div><\/div><div id=\"pgc-814-3-1\"  class=\"panel-grid-cell\" ><div id=\"panel-814-3-1-0\" class=\"so-panel widget widget_text panel-first-child panel-last-child\" data-index=\"4\" ><div class=\"kt-pb-animation kt-pb-fadeInRight kt-pb-duration-900 kt-pb-delay- panel-widget-style panel-widget-style-for-814-3-1-0\" ><h3 class=\"widget-title\">Comment nous pr\u00e9voyons atteindre ces objectifs ax\u00e9s sur la pr\u00e9vention:<\/h3>\t\t\t<div class=\"textwidget\"><ul>\n<li>Am\u00e9liorer la collecte de donn\u00e9es, la surveillance et la pr\u00e9sentation de rapports sur les tendances en mati\u00e8re de consommation de substances, y compris les facteurs de risque et les facteurs de protection.<\/li>\n<li>D\u00e9terminer et mettre en \u0153uvre des interventions (y compris des politiques et des programmes) visant \u00e0 renforcer les facteurs de protection et \u00e0 r\u00e9duire les facteurs de risque au cours d\u2019une vie en mettant l\u2019accent sur les jeunes, notamment l\u2019intervention pr\u00e9coce et la pr\u00e9vention des rechutes.<\/li>\n<li>Mener des campagnes collaboratives d\u2019\u00e9ducation communautaire sur les m\u00e9faits, les\nfacteurs de protection et les facteurs de risque, et la stigmatisation, entre autres.<\/li>\n<\/ul>\n<\/div>\n\t\t<\/div><\/div><\/div><\/div><div id=\"pg-814-4\"  class=\"panel-grid panel-has-style\" ><div class=\"panel-row-style panel-row-style-for-814-4\" ><div id=\"pgc-814-4-0\"  class=\"panel-grid-cell\" >\n\n          <div id=\"panel-814-4-0-0\" class=\"so-panel widget widget_kadence_infobox_widget kadence_infobox_widget panel-first-child panel-last-child\" data-index=\"5\" ><div class=\"panel-widget-style panel-widget-style-for-814-4-0-0\" >\t\t<div class=\"kad-info-box kad-info-box-740  infoicon-side-above clearfix\" style=\"\t\t\t\t\t\t\t\t\t\t\t\t\t \t\">\n\t\t<div class=\"kt-info-icon-case\"><img decoding=\"async\" src=\"https:\/\/tdas.ca\/wp-content\/uploads\/2023\/03\/harm-reduction-1.png\" alt=\"\"><\/div>\t\t\t<div class=\"kt-info-content-case\" style=\"\t\t\t\t\t\t\">\n\t\t\t\t\t\t\t\t<h4 style=\"\t\t\t\t\t\t\t\t\t\t\">R\u00e9duction des m\u00e9faits<\/h4>\n\t\t\t\tR\u00e9duire les\ncons\u00e9quences n\u00e9gatives\nde la consommation de\nsubstances sans forcer\nles gens \u00e0 arr\u00eater de\nconsommer.<\/div>\t<\/div>\n\t<\/div><\/div>\n    <\/div><\/div><\/div><div id=\"pg-814-5\"  class=\"panel-grid panel-no-style\" ><div id=\"pgc-814-5-0\"  class=\"panel-grid-cell\" ><div id=\"panel-814-5-0-0\" class=\"so-panel widget widget_text panel-first-child panel-last-child\" data-index=\"6\" ><div class=\"kt-pb-animation kt-pb-fadeInLeft kt-pb-duration-900 kt-pb-delay- panel-widget-style panel-widget-style-for-814-5-0-0\" ><h3 class=\"widget-title\">Ce que nous esp\u00e9rons accomplir gr\u00e2ce aux efforts\nde r\u00e9duction des m\u00e9faits:<\/h3>\t\t\t<div class=\"textwidget\"><ul>\n<li class=\"p1\">R\u00e9duire la stigmatisation associ\u00e9e \u00e0 la consommation de\nsubstances et \u00e0 la d\u00e9marche de r\u00e9duction des m\u00e9faits<\/li>\n<li class=\"p1\">Faire conna\u00eetre et fournir des services accessibles de r\u00e9duction des m\u00e9faits et de soutien.<\/li>\n<li class=\"p1\">Faciliter l\u2019orientation vers les services sociaux et de sant\u00e9, et l\u2019acc\u00e8s \u00e0 ces services en temps\nopportun.<\/li>\n<\/ul>\n<\/div>\n\t\t<\/div><\/div><\/div><div id=\"pgc-814-5-1\"  class=\"panel-grid-cell\" ><div id=\"panel-814-5-1-0\" class=\"so-panel widget widget_text panel-first-child panel-last-child\" data-index=\"7\" ><div class=\"kt-pb-animation kt-pb-fadeInRight kt-pb-duration-900 kt-pb-delay- panel-widget-style panel-widget-style-for-814-5-1-0\" ><h3 class=\"widget-title\">Comment nous pr\u00e9voyons atteindre ces objectifs ax\u00e9s sur la r\u00e9duction des m\u00e9faits:<\/h3>\t\t\t<div class=\"textwidget\"><ul>\n<li>\u00c9laborer et mettre en \u0153uvre une campagne de communication \u00e0 l\u2019intention des\nprofessionnels de la sant\u00e9 et de services de r\u00e9duction des m\u00e9faits, entre autres, pour agir\ncontre la stigmatisation.<\/li>\n<li>Adopter et mettre en \u0153uvre une campagne de communication portant sur la\nstigmatisation \u00e0 l\u2019intention de la population g\u00e9n\u00e9rale.<\/li>\n<li>Augmenter le nombre d\u2019endroits offrant des services de r\u00e9duction des m\u00e9faits.<\/li>\n<li>Renforcer les capacit\u00e9s n\u00e9cessaires pour soutenir un programme de sublocade.<\/li>\n<li>En apprendre sur la demande locale concernant la mise en place d\u2019un site de\nconsommation supervis\u00e9e.<\/li>\n<li>Augmenter le nombre de lieux d\u2019\u00e9limination s\u00e9curitaire des accessoires n\u00e9cessaires \u00e0 la\nconsommation de substances.<\/li>\n<li>\u00c9changer, de fa\u00e7on continue, des mises \u00e0 jour et un apprentissage avec le r\u00e9seau de\npartenaires locaux de services de r\u00e9duction des m\u00e9faits.<\/li>\n<li>Passer en revue et am\u00e9liorer la qualit\u00e9 des processus de collecte et de pr\u00e9sentation des\ndonn\u00e9es.<\/li>\n<li>D\u00e9terminer les voies d\u2019orientation vers les services li\u00e9s \u00e0 la consommation de substances\net vers les ressources communautaires et autres services de soutien, notamment en\nmati\u00e8re de logement, de soins de sant\u00e9, d\u2019aide sociale, de nutrition, de sant\u00e9 mentale et de\nsoutien familial.<\/li>\n<li>Offrir un plus grand nombre de programmes de groupe, notamment les groupes de\nsoutien par les pairs.<\/li>\n<li>Entamer un dialogue avec les services des urgences et les services d\u2019intervention en cas\nd\u2019urgence afin de mieux comprendre leur fa\u00e7on d\u2019intervenir et de proc\u00e9der dans les\nsituations de surdose.<\/li>\n<\/ul>\n<\/div>\n\t\t<\/div><\/div><\/div><\/div><div id=\"pg-814-6\"  class=\"panel-grid panel-has-style\" ><div class=\"panel-row-style panel-row-style-for-814-6\" ><div id=\"pgc-814-6-0\"  class=\"panel-grid-cell\" >\n\n          <div id=\"panel-814-6-0-0\" class=\"so-panel widget widget_kadence_infobox_widget kadence_infobox_widget panel-first-child panel-last-child\" data-index=\"8\" ><div class=\"panel-widget-style panel-widget-style-for-814-6-0-0\" >\t\t<div class=\"kad-info-box kad-info-box-929  infoicon-side-above clearfix\" style=\"\t\t\t\t\t\t\t\t\t\t\t\t\t \t\">\n\t\t<div class=\"kt-info-icon-case\"><img decoding=\"async\" src=\"https:\/\/tdas.ca\/wp-content\/uploads\/2023\/03\/Treatment-1.png\" alt=\"\"><\/div>\t\t\t<div class=\"kt-info-content-case\" style=\"\t\t\t\t\t\t\">\n\t\t\t\t\t\t\t\t<h4 style=\"\t\t\t\t\t\t\t\t\t\t\">Traitement<\/h4>\n\t\t\t\tAppuyer des approches\ninnovantes du\ntraitement et de la\nr\u00e9adaptation.<\/div>\t<\/div>\n\t<\/div><\/div>\n    <\/div><\/div><\/div><div id=\"pg-814-7\"  class=\"panel-grid panel-has-style\" ><div class=\"siteorigin-panels-stretch kt-panel-row-stretch panel-row-style panel-row-style-for-814-7\" style=\"opacity: 0;\" data-stretch-type=\"full\" ><div id=\"pgc-814-7-0\"  class=\"panel-grid-cell\" ><div id=\"panel-814-7-0-0\" class=\"so-panel widget widget_text panel-first-child panel-last-child\" data-index=\"9\" ><div class=\"kt-pb-animation kt-pb-fadeInLeft kt-pb-duration-900 kt-pb-delay- panel-widget-style panel-widget-style-for-814-7-0-0\" ><h3 class=\"widget-title\">Ce que nous esp\u00e9rons accomplir gr\u00e2ce aux efforts\nax\u00e9s sur le traitement:<\/h3>\t\t\t<div class=\"textwidget\"><ul>\n<li class=\"p1\">Promouvoir et fournir du soutien et des services accessibles\net \u00e9quitables en mati\u00e8re de traitement<\/li>\n<li class=\"p1\">Mieux comprendre et utiliser les approches qui tiennent compte des traumatismes en int\u00e9grant la promotion de la sant\u00e9 mentale et les soins de\n sant\u00e9 mentale.<\/li>\n<li class=\"p1\">R\u00e9duire la stigmatisation associ\u00e9e au traitement des personnes qui consomment des\nsubstances.<\/li>\n<\/ul>\n<\/div>\n\t\t<\/div><\/div><\/div><div id=\"pgc-814-7-1\"  class=\"panel-grid-cell\" ><div id=\"panel-814-7-1-0\" class=\"so-panel widget widget_text panel-first-child panel-last-child\" data-index=\"10\" ><div class=\"kt-pb-animation kt-pb-fadeInRight kt-pb-duration-900 kt-pb-delay- panel-widget-style panel-widget-style-for-814-7-1-0\" ><h3 class=\"widget-title\">Comment nous pr\u00e9voyons atteindre ces objectifs ax\u00e9s sur le traitement:<\/h3>\t\t\t<div class=\"textwidget\"><ul>\n<li>Cr\u00e9er des possibilit\u00e9s d\u2019\u00e9ducation pour les m\u00e9decins prescripteurs de m\u00e9dicaments \u00e0\nl\u2019appui des traitements et encourager ces derniers \u00e0 en profiter.<\/li>\n<li>Revendiquer des lits de d\u00e9sintoxication, des traitements de jour ou de soir\u00e9e, des\ntraitements en \u00e9tablissement, des lits s\u00e9curitaires et des soins de suivi ainsi qu\u2019explorer la\nfaisabilit\u00e9 de telles mesures.<\/li>\n<li>Augmenter la capacit\u00e9 des cliniques \u00e0 acc\u00e8s rapide de traitement m\u00e9dical de la\ntoxicomanie.<\/li>\n<li>Explorer la faisabilit\u00e9 de cr\u00e9er des logements pour les personnes en r\u00e9tablissement ou\ncelle qui sont aux prises avec une d\u00e9pendance.<\/li>\n<li>Continuer \u00e0 cerner et \u00e0 \u00e9liminer les obstacles aux services de traitement ou de soutien,\nnotamment r\u00e9duire les temps d\u2019attente.<\/li>\n<li>\u00c9laborer et renforcer des parcours de soins en mati\u00e8re de consommation de substances\net de traitement des d\u00e9pendances, y compris des processus de planification des cong\u00e9s.<\/li>\n<li>D\u00e9terminer les parcours d\u2019orientation vers les services li\u00e9s \u00e0 la consommation de\nsubstances.<\/li>\n<li>Passer en revue et am\u00e9liorer la qualit\u00e9 des processus de collecte et de pr\u00e9sentation des\ndonn\u00e9es.<\/li>\n<li>Donner aux fournisseurs de soins une formation \u00e0 l\u2019appui de l\u2019adoption d\u2019une approche\nqui tient compte des traumatismes.<\/li>\n<li>Faire en sorte que les services et le soutien offerts favorisent la sant\u00e9 mentale et qu'ils\nsoient li\u00e9s au traitement de la sant\u00e9 mentale, au besoin.<\/li>\n<\/ul>\n<\/div>\n\t\t<\/div><\/div><\/div><\/div><\/div><div id=\"pg-814-8\"  class=\"panel-grid panel-has-style\" ><div class=\"panel-row-style panel-row-style-for-814-8\" ><div id=\"pgc-814-8-0\"  class=\"panel-grid-cell\" >\n\n          <div id=\"panel-814-8-0-0\" class=\"so-panel widget widget_kadence_infobox_widget kadence_infobox_widget panel-first-child panel-last-child\" data-index=\"11\" ><div class=\"panel-widget-style panel-widget-style-for-814-8-0-0\" >\t\t<div class=\"kad-info-box kad-info-box-517  infoicon-side-above clearfix\" style=\"\t\t\t\t\t\t\t\t\t\t\t\t\t \t\">\n\t\t<div class=\"kt-info-icon-case\"><img decoding=\"async\" src=\"https:\/\/tdas.ca\/wp-content\/uploads\/2023\/03\/Community-Safety-1.png\" alt=\"\"><\/div>\t\t\t<div class=\"kt-info-content-case\" style=\"\t\t\t\t\t\t\">\n\t\t\t\t\t\t\t\t<h4 style=\"\t\t\t\t\t\t\t\t\t\t\">S\u00e9curit\u00e9 communautaire<\/h4>\n\t\t\t\tR\u00e9duire les activit\u00e9s\ncriminelles et les\nprobl\u00e8mes de s\u00e9curit\u00e9\ncommunautaire\nassoci\u00e9s \u00e0 la\nconsommation de\nsubstances tout en\n\u00e9tablissant des\nrelations de confiance\navec les membres de la\ncommunaut\u00e9.<\/div>\t<\/div>\n\t<\/div><\/div>\n    <\/div><\/div><\/div><div id=\"pg-814-9\"  class=\"panel-grid panel-no-style\" ><div id=\"pgc-814-9-0\"  class=\"panel-grid-cell\" ><div id=\"panel-814-9-0-0\" class=\"so-panel widget widget_text panel-first-child panel-last-child\" data-index=\"12\" ><div class=\"kt-pb-animation kt-pb-fadeInLeft kt-pb-duration-900 kt-pb-delay- panel-widget-style panel-widget-style-for-814-9-0-0\" ><h3 class=\"widget-title\">Ce que nous esp\u00e9rons accomplir gr\u00e2ce aux efforts\nax\u00e9s sur la s\u00e9curit\u00e9 communautaire:<\/h3>\t\t\t<div class=\"textwidget\"><ul>\n<li class=\"p1\">\u00c9laborer et renforcer une approche coordonn\u00e9e entre les\nservices d\u2019application de la loi et les services sociaux et de\nsant\u00e9.<\/li>\n<li class=\"p1\">R\u00e9duire et pr\u00e9venir le trafic de drogues illicites.<\/li>\n<li class=\"p1\">Mettre en place des mesures de s\u00e9curit\u00e9 communautaire\net les renforcer.<\/li>\n<\/ul>\n<\/div>\n\t\t<\/div><\/div><\/div><div id=\"pgc-814-9-1\"  class=\"panel-grid-cell\" ><div id=\"panel-814-9-1-0\" class=\"so-panel widget widget_text panel-first-child panel-last-child\" data-index=\"13\" ><div class=\"kt-pb-animation kt-pb-fadeInRight kt-pb-duration-900 kt-pb-delay- panel-widget-style panel-widget-style-for-814-9-1-0\" ><h3 class=\"widget-title\">Comment nous pr\u00e9voyons atteindre ces objectifs ax\u00e9s sur la s\u00e9curit\u00e9 communautaire:<\/h3>\t\t\t<div class=\"textwidget\"><ul>\n<li>\u00c9tablir des parcours efficaces et opportuns pour aider les membres de la communaut\u00e9 qui\nont des probl\u00e8mes li\u00e9s \u00e0 la consommation de substances \u00e0 faire une transition s\u00e9curitaire\ndu syst\u00e8me de justice \u00e0 la communaut\u00e9 ou \u00e0 \u00eatre soustraits de ce syst\u00e8me.<\/li>\n<li>D\u00e9terminer s\u2019il existe un besoin d\u2019accro\u00eetre la capacit\u00e9 de l\u2019unit\u00e9 des crimes de rue et\ncerner les fa\u00e7ons de fournir un soutien suppl\u00e9mentaire.<\/li>\n<li>Continuer \u00e0 collaborer avec des sp\u00e9cialistes afin d\u2019\u00e9pauler les agents d\u2019application de la loi\ndans les enqu\u00eates sur le trafic de drogues (c.-\u00e0-d. \u00e9chec au crime).<\/li>\n<li>En apprendre sur l\u2019application, \u00e0 l\u2019\u00e9chelle locale, de la d\u00e9criminalisation de substances et\nrester au courant des politiques provinciales et f\u00e9d\u00e9rales.<\/li>\n<li>Continuer \u00e0 appliquer et \u00e0 promouvoir les politiques en place visant \u00e0 sensibiliser la\ncommunaut\u00e9, notamment \u00e0 la Loi favorisant un Ontario sans fum\u00e9e et \u00e0 la Loi sur les\nbons samaritains secourant les victimes de surdose.<\/li>\n<li>Continuer \u00e0 surveiller, \u00e0 communiquer et \u00e0 signaler les accusations criminelles port\u00e9es \u00e0\nl\u2019\u00e9chelle locale en lien avec la consommation de substances, et ce, afin d\u2019\u00e9clairer les\nd\u00e9cisions prises en mati\u00e8re de politiques et de programmes.<\/li>\n<li>Rester au courant et en apprendre sur la mise en \u0153uvre \u00e0 l\u2019\u00e9chelle locale de pratiques\nprometteuses en vue de resserrer les relations avec les membres de la communaut\u00e9 et de\nprot\u00e9ger les populations vuln\u00e9rables.<\/li>\n<li>Aborder les mesures de s\u00e9curit\u00e9 prises dans les \u00e9coles concernant la consommation de\nsubstances gr\u00e2ce \u00e0 des zones fumeurs d\u00e9sign\u00e9es et \u00e0 des campagnes d\u2019\u00e9ducation.<\/li>\n<li>\u00c9valuer et surveiller la s\u00e9curit\u00e9 routi\u00e8re relativement \u00e0 la consommation de substances et\nmettre en place des mesures de protection.<\/li>\n<\/ul>\n<\/div>\n\t\t<\/div><\/div><\/div><\/div><div id=\"sep-pg-814-10\" class=\"panel-grid panel-has-style\" ><div style=\"opacity: 0;\" class=\"panel-row-style kt-row-style-no-padding siteorigin-panels-stretch kt-panel-row-stretch\" data-stretch-type=\"full\" ><div class=\"inner-sep-content-wrap\"><div id=\"pg-814-10\"  class=\"panel-grid panel-has-style\" ><div class=\"panel-row-style panel-row-style-for-814-10\" ><div id=\"pgc-814-10-0\"  class=\"panel-grid-cell\" >\n                <div id=\"panel-814-10-0-0\" class=\"so-panel widget widget_kadence_split_content_widget kadence_split_content_widget panel-first-child panel-last-child\" data-index=\"14\" >                \t<!-- Image Split -->\n\t<div class=\"kt-image-split\" id=\"kt-image-split-widget-10-0-0\">\n\t\t  <div class=\"row-no-margin\">\n\t\t\t<div class=\"col-md-6 kt-si-imagecol img-ktsi-right kt-animate-fade-in-\t\t\t\t\t\t\t\t\t\t\t\t\t\t\t\t\tleft\" style=\"\t\t\t\">\n\t\t\t\t  <div class=\"kt-si-table-box\" style=\"height:500px\">\n\t\t\t\t\t  <div class=\"kt-si-cell-box\">\n\t\t\t\t\t\t<img decoding=\"async\" src=\"https:\/\/tdas.ca\/wp-content\/uploads\/2023\/03\/strategy-image_1-22.jpg\" alt=\"\" class=\"kt-si-image\" style=\"max-height:500px\">\t\t\t\t\t<\/div>\n\t\t\t\t  <\/div>\n\t\t\t <\/div>\n\t\t\t <div class=\"col-md-6 kt-si-imagecol content-ktsi-right kt-animate-fade-in-right\" \n\t\t\t\t\t\t\t\t\t\t\t\t\t\t\t\t\t\t \t\t\t\t>\n\t\t\t\t  <div class=\"kt-si-table-box\" style=\"height:500px\">\n\t\t\t\t\t  <div class=\"kt-si-cell-box\">\n\t\t\t\t\t\t  <div class=\"kt-si-inner-content\" style=\"  text-align:left;\">\n\t\t\t\t\t\t\t<div class=\"kt_imgsplit_content\" style=\"\">En plus du travail d\u00e9crit sous chaque groupe de piliers, en r\u00e9ponse \u00e0 ce que nous avons appris\nde la consultation, la SDAT d\u00e9veloppera une liste compl\u00e8te de tous les services et soutiens\ndisponibles pour les membres de la communaut\u00e9 du Timiskaming. Cette liste sera \u00e0 la\ndisposition d\u2019un large \u00e9ventail de publics et servira \u00e0 am\u00e9liorer l\u2019acc\u00e8s aux services et au\nsoutien ainsi que les parcours d\u2019orientation entre les professionnels de la sant\u00e9. <\/div>\t\t\t\t\t\t <\/div>\n\t\t\t\t\t<\/div>\n\t\t\t\t  <\/div>\n\t\t\t<\/div>\n\t\t  <\/div>\n\t<\/div>\n\n\t\n                <\/div>\n    <\/div><\/div><\/div><div class=\"panel-row-style kt-row-style-no-padding kt_sep_panel sep_left_triangle siteorigin-panels-stretch\" data-stretch-type=\"full-stretched\"><svg style=\"fill:#79b35f;\" viewbox=\"0 0 2000 100\" preserveaspectratio=\"none\"><polygon xmlns=\"http:\/\/www.w3.org\/2000\/svg\" points=\"600,90 0,0 0,100 2000,100 2000,0 \"><\/polygon><\/svg><\/div><\/div><\/div><\/div><div id=\"pg-814-11\"  class=\"panel-grid panel-has-style\" ><div class=\"siteorigin-panels-stretch kt-panel-row-stretch panel-row-style panel-row-style-for-814-11\" style=\"opacity: 0;\" data-stretch-type=\"full\" ><div id=\"pgc-814-11-0\"  class=\"panel-grid-cell\" >\n                <div id=\"panel-814-11-0-0\" class=\"so-panel widget widget_kadence_split_content_widget kadence_split_content_widget panel-first-child panel-last-child\" data-index=\"15\" ><div class=\"panel-widget-style panel-widget-style-for-814-11-0-0\" >                \t<!-- Image Split -->\n\t<div class=\"kt-image-split\" id=\"kt-image-split-widget-11-0-0\">\n\t\t  <div class=\"row-no-margin\">\n\t\t\t<div class=\"col-md-6 kt-si-imagecol img-ktsi-left kt-animate-fade-in-\t\t\t\t\t\t\t\t\t\t\t\t\t\t\t\t\tright\" style=\"\t\t\t\">\n\t\t\t\t  <div class=\"kt-si-table-box\" style=\"height:500px\">\n\t\t\t\t\t  <div class=\"kt-si-cell-box\">\n\t\t\t\t\t\t<img decoding=\"async\" src=\"https:\/\/tdas.ca\/wp-content\/uploads\/2023\/03\/moving-forward-image-22.jpg\" alt=\"\" class=\"kt-si-image\" style=\"max-height:500px\">\t\t\t\t\t<\/div>\n\t\t\t\t  <\/div>\n\t\t\t <\/div>\n\t\t\t <div class=\"col-md-6 kt-si-imagecol content-ktsi-left kt-animate-fade-in-left\" \n\t\t\t\t\t\t\t\t\t\t\t\t\t\t\t\t\t\t \t\t\t\t>\n\t\t\t\t  <div class=\"kt-si-table-box\" style=\"height:500px\">\n\t\t\t\t\t  <div class=\"kt-si-cell-box\">\n\t\t\t\t\t\t  <div class=\"kt-si-inner-content\" style=\"  \">\n\t\t\t\t\t\t\t<div class=\"kt_imgsplit_content\" style=\"\"><h2 style=\"color:white\">PROCHAINES \u00c9TAPES<\/h2>\n<p>La mise en \u0153uvre de cette strat\u00e9gie incombe \u00e0 tous les membres de la SDAT; c\u2019est une\nresponsabilit\u00e9 partag\u00e9e. La mise en \u0153uvre d\u2019un changement pour pr\u00e9venir et r\u00e9duire les\nm\u00e9faits associ\u00e9s \u00e0 la consommation de substances et am\u00e9liorer la qualit\u00e9 de vie de tous les\nmembres de la communaut\u00e9 n\u00e9cessite une action et un leadership collectifs. En fonction de\nl'\u00e9volution des mesures propos\u00e9es dans le pr\u00e9sent document, les membres de la SDAT se\nr\u00e9uniront et rassembleront les participants cl\u00e9s. <\/p>\n<p>En ce moment, ce document refl\u00e8te l\u2019\u00e9tat actuel de nos connaissances et de notre savoir. \u00c0\nmesure que la collecte de donn\u00e9es, les pratiques fond\u00e9es sur les donn\u00e9es probantes et le\ncontexte local \u00e9voluent, notre d\u00e9marche embo\u00eetera le pas. Les membres de la SDAT\ncontinueront \u00e0 surveiller et \u00e0 \u00e9valuer les progr\u00e8s r\u00e9alis\u00e9s ainsi qu\u2019\u00e0 tenir la communaut\u00e9 et les\nintervenants au courant de leurs travaux. <\/p>\n<\/div><a href=\"https:\/\/www.timiskaminghu.com\/websites\/timiskaminghu.com\/files\/CDP-Injury\/Alcohol-Drugs\/Timiskaming_Drug_and_Alcohol_Strategy_(TDAS)_FR.pdf\" target=\"_blank\" class=\"kt_imgsplit_btn btn\">Download the Strategy Document<\/a>\t\t\t\t\t\t <\/div>\n\t\t\t\t\t<\/div>\n\t\t\t\t  <\/div>\n\t\t\t<\/div>\n\t\t  <\/div>\n\t<\/div>\n\n\t\n                <\/div><\/div>\n    <\/div><\/div><\/div><\/div>","protected":false},"excerpt":{"rendered":"<p>Four priority areas emerged from the planning phase of the strategy, identifying key approaches needed to achieve the TDAS goal. &hellip; <a class=\"kt-excerpt-readmore more-link\" href=\"https:\/\/tdas.ca\/fr\/strategy\/\" aria-label=\"LA STRAT\u00c9GIE\">Lire<\/a><\/p>","protected":false},"author":1,"featured_media":0,"parent":0,"menu_order":0,"comment_status":"closed","ping_status":"closed","template":"","meta":{"om_disable_all_campaigns":false,"_monsterinsights_skip_tracking":false,"_monsterinsights_sitenote_active":false,"_monsterinsights_sitenote_note":"","_monsterinsights_sitenote_category":0,"_uf_show_specific_survey":0,"_uf_disable_surveys":false,"footnotes":""},"class_list":["post-814","page","type-page","status-publish","hentry"],"aioseo_notices":[],"_links":{"self":[{"href":"https:\/\/tdas.ca\/fr\/wp-json\/wp\/v2\/pages\/814","targetHints":{"allow":["GET"]}}],"collection":[{"href":"https:\/\/tdas.ca\/fr\/wp-json\/wp\/v2\/pages"}],"about":[{"href":"https:\/\/tdas.ca\/fr\/wp-json\/wp\/v2\/types\/page"}],"author":[{"embeddable":true,"href":"https:\/\/tdas.ca\/fr\/wp-json\/wp\/v2\/users\/1"}],"replies":[{"embeddable":true,"href":"https:\/\/tdas.ca\/fr\/wp-json\/wp\/v2\/comments?post=814"}],"version-history":[{"count":67,"href":"https:\/\/tdas.ca\/fr\/wp-json\/wp\/v2\/pages\/814\/revisions"}],"predecessor-version":[{"id":2885,"href":"https:\/\/tdas.ca\/fr\/wp-json\/wp\/v2\/pages\/814\/revisions\/2885"}],"wp:attachment":[{"href":"https:\/\/tdas.ca\/fr\/wp-json\/wp\/v2\/media?parent=814"}],"curies":[{"name":"wp","href":"https:\/\/api.w.org\/{rel}","templated":true}]}}