{"id":850,"date":"2021-11-11T16:45:44","date_gmt":"2021-11-11T16:45:44","guid":{"rendered":"https:\/\/tdas.ca\/?page_id=850"},"modified":"2023-05-01T20:33:40","modified_gmt":"2023-05-01T20:33:40","slug":"members","status":"publish","type":"page","link":"https:\/\/tdas.ca\/fr\/members\/","title":{"rendered":"Composition"},"content":{"rendered":"<div id=\"pl-850\"  class=\"panel-layout\" ><div id=\"sep-pg-850-0\" class=\"panel-grid panel-has-style\" ><div style=\"background-color:#067b84;opacity: 0;\" class=\"panel-row-style kt-row-style-no-padding siteorigin-panels-stretch kt-panel-row-stretch\" data-stretch-type=\"full\" ><div class=\"inner-sep-content-wrap\"><div id=\"pg-850-0\"  class=\"panel-grid panel-has-style\" ><div class=\"panel-row-style panel-row-style-for-850-0\" ><div id=\"pgc-850-0-0\"  class=\"panel-grid-cell\" >\n\n        <div id=\"panel-850-0-0-0\" class=\"so-panel widget widget_kadence_calltoaction_widget kadence_calltoaction_widget panel-first-child panel-last-child\" data-index=\"0\" ><div class=\"kt-ctaw clearfix\"><h2 class=\"kt-call-to-action-title\" style=\"color:#ffffff; font-size:40px; line-height:1; text-align:center; \"  data-max-size=\"40\" data-min-size=\"20\">COMPOSITION<\/h2><\/div><\/div>\n    <\/div><\/div><\/div><div class=\"panel-row-style kt-row-style-no-padding kt_sep_panel sep_center_small_triangle siteorigin-panels-stretch\" data-stretch-type=\"full-stretched\"><div class=\"sep-triangle-bottom\" style=\"border-top-color:#067b84\"><\/div><\/div><\/div><\/div><\/div><div id=\"pg-850-1\"  class=\"panel-grid panel-has-style\" ><div class=\"panel-row-style panel-row-style-for-850-1\" ><div id=\"pgc-850-1-0\"  class=\"panel-grid-cell\" ><div id=\"panel-850-1-0-0\" class=\"so-panel widget widget_text panel-first-child panel-last-child\" data-index=\"1\" >\t\t\t<div class=\"textwidget\"><p>Le Comit\u00e9 directeur de la Strat\u00e9gie est\ncompos\u00e9 de repr\u00e9sentants de plus de 20\norganismes communautaires et de\npersonnes ayant une exp\u00e9rience v\u00e9cue\npass\u00e9e ou pr\u00e9sente. Figurent parmi les\ngroupes repr\u00e9sent\u00e9s les services de sant\u00e9\npour les enfants et les familles, les services\nde sant\u00e9 mentale et de traitement des\nd\u00e9pendances, les services autochtones, les\nservices sociaux, les \u00e9quipes de sant\u00e9\nfamiliale, les h\u00f4pitaux, les conseils scolaires,\nles services policiers, les municipalit\u00e9s et les\nmembres de la communaut\u00e9, et les services\nde sant\u00e9 publique.<\/p>\n<\/div>\n\t\t<\/div><\/div><\/div><\/div><div id=\"pg-850-2\"  class=\"panel-grid panel-has-style\" ><div class=\"panel-row-style panel-row-style-for-850-2\" ><div id=\"pgc-850-2-0\"  class=\"panel-grid-cell\" ><div id=\"panel-850-2-0-0\" class=\"so-panel widget widget_text panel-first-child panel-last-child\" data-index=\"2\" ><h3 class=\"widget-title\">Remerciements<\/h3>\t\t\t<div class=\"textwidget\"><p>Les membres de la Strat\u00e9gie contre les drogues et l'alcool du Timiskaming (SDAT) reconnaissent\nque notre travail se d\u00e9roule dans le trait\u00e9 Robinson-Huron et le trait\u00e9 no 9 ainsi que sur des terres faisant partie des territoires traditionnels non c\u00e9d\u00e9s des Premi\u00e8res Nations de Beaverhouse, de Matachewan, de Temagami et de Timiskaming. Aujourd'hui, ces terres\ncomprennent des communaut\u00e9s caract\u00e9ris\u00e9es par la pr\u00e9sence durable des peuples Algonquin,\nanichinaabe, ojibw\u00e9, cri et m\u00e9tis. Nous les remercions sinc\u00e8rement d\u2019avoir fa\u00e7onn\u00e9 et renforc\u00e9 notre communaut\u00e9, notre province et notre pays et nous affirmons notre esponsabilit\u00e9 collective et notre engagement \u00e0 la r\u00e9conciliation.<\/p>\n<p>Nous nous soucions des personnes ayant une exp\u00e9rience v\u00e9cue pass\u00e9e ou pr\u00e9sente de la\nconsommation de substances et de la d\u00e9pendance, de leurs exp\u00e9riences personnelles et collectives ainsi que des personnes qui ont perdu leur vie \u00e0 cause de ces exp\u00e9riences. Nous reconnaissons le savoir-faire des personnes ayant une exp\u00e9rience v\u00e9cue pass\u00e9e ou pr\u00e9sente, dont l\u2019apport est indispensable aux efforts que nous d\u00e9ployons pour am\u00e9liorer la qualit\u00e9 et l\u2019incidence des services et des ressources concernant l\u2019usage de substances et la d\u00e9pendance ainsi que pour r\u00e9duire les m\u00e9faits qui en d\u00e9coulent.<\/p>\n<p>Nous appr\u00e9cions fortement le soutien re\u00e7u ci-dessous. Merci!<\/p>\n<ul>\n<li><a href=\"https:\/\/www.phac-aspc.gc.ca\/\" target=\"_blank\" rel=\"noopener\">L\u2019Agence de la sant\u00e9 publique du Canada (ASPC)<\/a> a financ\u00e9 les postes de coordonnateur et\nd\u2019analyste de la recherche de la SDAT.<\/li>\n<li><a href=\"https:\/\/www.drugstrategy.ca\/\" target=\"_blank\" rel=\"noopener\">La Drug Strategy Network of Ontario (DSNO)<\/a> a fait preuve de bonne volont\u00e9 en offrant son\nsoutien et son expertise.<\/li>\n<\/ul>\n<p>Nous aimerions remercier sinc\u00e8rement tous les membres et les organismes du Comit\u00e9 de la SDAT\net des groupes de travail pour leurs contributions \u00e0 ce rapport et leur soutien continu de la\nstrat\u00e9gie.<\/p>\n<\/div>\n\t\t<\/div><\/div><\/div><\/div><div id=\"pg-850-3\"  class=\"panel-grid panel-has-style\" ><div class=\"panel-row-style panel-row-style-for-850-3\" ><div id=\"pgc-850-3-0\"  class=\"panel-grid-cell\" >\n\n          <div id=\"panel-850-3-0-0\" class=\"so-panel widget widget_kadence_infobox_widget kadence_infobox_widget panel-first-child\" data-index=\"3\" >\t<a href=\"https:\/\/www.wabuntribalcouncil.ca\/first-nations\/beaverhouse\/\" target=\"_blank\" class=\"kadinfolink\">\t<div class=\"kad-info-box kad-info-box-898  infoicon-side-left clearfix\" style=\"\t\t\t\t\t\t\t\t\t\t\t\t\t \t\">\n\t\t<div class=\"kt-info-icon-case\"><img decoding=\"async\" src=\"https:\/\/tdas.ca\/wp-content\/uploads\/2023\/03\/test.jpg\" alt=\"\"><\/div>\t\t\t<div class=\"kt-info-content-case\" style=\"\t\t\tcolor:#0a0a0a;\t\t\t\">\n\t\t\t\t\t\t\t\t<h4 style=\"\t\t\t\t\tcolor:#0a0a0a;\t\t\t\t\t\">Premi\u00e8re Nation Beaverhouse<\/h4>\n\t\t\t\t<\/div>\t<\/div>\n\t<\/a><\/div>\n    \n\n          <div id=\"panel-850-3-0-1\" class=\"so-panel widget widget_kadence_infobox_widget kadence_infobox_widget\" data-index=\"4\" >\t<a href=\"https:\/\/www.temiskamingshores.ca\/en\/index.aspx\" target=\"_blank\" class=\"kadinfolink\">\t<div class=\"kad-info-box kad-info-box-76  infoicon-side-left clearfix\" style=\"\t\t\t\t\t\t\t\t\t\t\t\t\t \t\">\n\t\t<div class=\"kt-info-icon-case\"><img decoding=\"async\" src=\"https:\/\/tdas.ca\/wp-content\/uploads\/2023\/03\/City-of-Temiskaming-Shores-.jpg\" alt=\"\"><\/div>\t\t\t<div class=\"kt-info-content-case\" style=\"\t\t\t\t\t\t\">\n\t\t\t\t\t\t\t\t<h4 style=\"\t\t\t\t\t\t\t\t\t\t\">Ville de Temiskaming Shores<\/h4>\n\t\t\t\t<\/div>\t<\/div>\n\t<\/a><\/div>\n    \n\n          <div id=\"panel-850-3-0-2\" class=\"so-panel widget widget_kadence_infobox_widget kadence_infobox_widget\" data-index=\"5\" >\t<a href=\"http:\/\/edfht.on.ca\/contact.html\" target=\"_blank\" class=\"kadinfolink\">\t<div class=\"kad-info-box kad-info-box-787  infoicon-side-left clearfix\" style=\"\t\t\t\t\t\t\t\t\t\t\t\t\t \t\">\n\t\t<div class=\"kt-info-icon-case\"><img decoding=\"async\" src=\"https:\/\/tdas.ca\/wp-content\/uploads\/2023\/05\/englehart-family-health-team.jpg\" alt=\"\"><\/div>\t\t\t<div class=\"kt-info-content-case\" style=\"\t\t\t\t\t\t\">\n\t\t\t\t\t\t\t\t<h4 style=\"\t\t\t\t\t\t\t\t\t\t\">\u00c9quipe de sant\u00e9 familiale d\u2019Englehart<\/h4>\n\t\t\t\t<\/div>\t<\/div>\n\t<\/a><\/div>\n    \n\n          <div id=\"panel-850-3-0-3\" class=\"so-panel widget widget_kadence_infobox_widget kadence_infobox_widget\" data-index=\"6\" >\t<a href=\"https:\/\/www.neofacs.org\/\" target=\"_blank\" class=\"kadinfolink\">\t<div class=\"kad-info-box kad-info-box-387  infoicon-side-left clearfix\" style=\"\t\t\t\t\t\t\t\t\t\t\t\t\t \t\">\n\t\t<div class=\"kt-info-icon-case\"><img decoding=\"async\" src=\"https:\/\/tdas.ca\/wp-content\/uploads\/2023\/03\/North-Eastern-Ontario-Family-and-Childrens-Services.jpg\" alt=\"\"><\/div>\t\t\t<div class=\"kt-info-content-case\" style=\"\t\t\t\t\t\t\">\n\t\t\t\t\t\t\t\t<h4 style=\"\t\t\t\t\t\t\t\t\t\t\">Services \u00e0 la famille et \u00e0 l\u2019enfance du Nord-Est de l\u2019Ontario<\/h4>\n\t\t\t\t<\/div>\t<\/div>\n\t<\/a><\/div>\n    \n\n          <div id=\"panel-850-3-0-4\" class=\"so-panel widget widget_kadence_infobox_widget kadence_infobox_widget\" data-index=\"7\" >\t<a href=\"https:\/\/salvationarmy.ca\/\" target=\"_blank\" class=\"kadinfolink\">\t<div class=\"kad-info-box kad-info-box-575  infoicon-side-left clearfix\" style=\"\t\t\t\t\t\t\t\t\t\t\t\t\t \t\">\n\t\t<div class=\"kt-info-icon-case\"><img decoding=\"async\" src=\"https:\/\/tdas.ca\/wp-content\/uploads\/2023\/03\/Salvation-Army-Kirkland-Lake.jpg\" alt=\"\"><\/div>\t\t\t<div class=\"kt-info-content-case\" style=\"\t\t\t\t\t\t\">\n\t\t\t\t\t\t\t\t<h4 style=\"\t\t\t\t\t\t\t\t\t\t\">Arm\u00e9e du Salut (The Salvation Army)<\/h4>\n\t\t\t\t<\/div>\t<\/div>\n\t<\/a><\/div>\n    \n\n          <div id=\"panel-850-3-0-5\" class=\"so-panel widget widget_kadence_infobox_widget kadence_infobox_widget panel-last-child\" data-index=\"8\" >\t<a href=\"https:\/\/www.timiskaminghu.com\/90496\/opioid-overdose-and-naloxone\" target=\"_blank\" class=\"kadinfolink\">\t<div class=\"kad-info-box kad-info-box-828  infoicon-side-left clearfix\" style=\"\t\t\t\t\t\t\t\t\t\t\t\t\t \t\">\n\t\t<div class=\"kt-info-icon-case\"><\/div>\t\t\t<div class=\"kt-info-content-case\" style=\"\t\t\t\t\t\t\">\n\t\t\t\t\t\t\t\t<h4 style=\"\t\t\t\t\t\t\t\t\t\t\">Northeastern Recovery Centre<\/h4>\n\t\t\t\t<\/div>\t<\/div>\n\t<\/a><\/div>\n    <\/div><div id=\"pgc-850-3-1\"  class=\"panel-grid-cell\" >\n\n          <div id=\"panel-850-3-1-0\" class=\"so-panel widget widget_kadence_infobox_widget kadence_infobox_widget panel-first-child\" data-index=\"9\" >\t<a href=\"https:\/\/www.blancheriverhealth.ca\/\" target=\"_blank\" class=\"kadinfolink\">\t<div class=\"kad-info-box kad-info-box-97  infoicon-side-left clearfix\" style=\"\t\t\t\t\t\t\t\t\t\t\t\t\t \t\">\n\t\t<div class=\"kt-info-icon-case\"><img decoding=\"async\" src=\"https:\/\/tdas.ca\/wp-content\/uploads\/2023\/03\/blanche-river-health.jpg\" alt=\"\"><\/div>\t\t\t<div class=\"kt-info-content-case\" style=\"\t\t\t\t\t\t\">\n\t\t\t\t\t\t\t\t<h4 style=\"\t\t\t\t\t\t\t\t\t\t\">Sant\u00e9 Rivi\u00e8re Blanche<\/h4>\n\t\t\t\t<\/div>\t<\/div>\n\t<\/a><\/div>\n    \n\n          <div id=\"panel-850-3-1-1\" class=\"so-panel widget widget_kadence_infobox_widget kadence_infobox_widget\" data-index=\"10\" >\t<a href=\"https:\/\/www.cscdgr.education\/\" target=\"_blank\" class=\"kadinfolink\">\t<div class=\"kad-info-box kad-info-box-425  infoicon-side-left clearfix\" style=\"\t\t\t\t\t\t\t\t\t\t\t\t\t \t\">\n\t\t<div class=\"kt-info-icon-case\"><img decoding=\"async\" src=\"https:\/\/tdas.ca\/wp-content\/uploads\/2023\/03\/Conseil-scolaire-catholique-de-district-des-Grandes-Rivie\u0300res-.jpg\" alt=\"\"><\/div>\t\t\t<div class=\"kt-info-content-case\" style=\"\t\t\t\t\t\t\">\n\t\t\t\t\t\t\t\t<h4 style=\"\t\t\t\t\t\t\t\t\t\t\">Conseil scolaire catholique de district des Grandes-Rivi\u00e8res<\/h4>\n\t\t\t\t<\/div>\t<\/div>\n\t<\/a><\/div>\n    \n\n          <div id=\"panel-850-3-1-2\" class=\"so-panel widget widget_kadence_infobox_widget kadence_infobox_widget\" data-index=\"11\" >\t<a href=\"https:\/\/keepersofthecircle.com\/\" target=\"_blank\" class=\"kadinfolink\">\t<div class=\"kad-info-box kad-info-box-482  infoicon-side-left clearfix\" style=\"\t\t\t\t\t\t\t\t\t\t\t\t\t \t\">\n\t\t<div class=\"kt-info-icon-case\"><img decoding=\"async\" src=\"https:\/\/tdas.ca\/wp-content\/uploads\/2023\/03\/Keepers-of-the-Circle.jpg\" alt=\"\"><\/div>\t\t\t<div class=\"kt-info-content-case\" style=\"\t\t\t\t\t\t\">\n\t\t\t\t\t\t\t\t<h4 style=\"\t\t\t\t\t\t\t\t\t\t\">Keepers of the Circle<\/h4>\n\t\t\t\t<\/div>\t<\/div>\n\t<\/a><\/div>\n    \n\n          <div id=\"panel-850-3-1-3\" class=\"so-panel widget widget_kadence_infobox_widget kadence_infobox_widget\" data-index=\"12\" >\t<a href=\"https:\/\/www.ontariohealth.ca\/about-us\/our-programs\/ontario-health-regions\/north-east-region\" target=\"_blank\" class=\"kadinfolink\">\t<div class=\"kad-info-box kad-info-box-639  infoicon-side-left clearfix\" style=\"\t\t\t\t\t\t\t\t\t\t\t\t\t \t\">\n\t\t<div class=\"kt-info-icon-case\"><img decoding=\"async\" src=\"https:\/\/tdas.ca\/wp-content\/uploads\/2023\/03\/Ontario-Health-North.jpg\" alt=\"\"><\/div>\t\t\t<div class=\"kt-info-content-case\" style=\"\t\t\t\t\t\t\">\n\t\t\t\t\t\t\t\t<h4 style=\"\t\t\t\t\t\t\t\t\t\t\">Sant\u00e9 Ontario Nord<\/h4>\n\t\t\t\t<\/div>\t<\/div>\n\t<\/a><\/div>\n    \n\n          <div id=\"panel-850-3-1-4\" class=\"so-panel widget widget_kadence_infobox_widget kadence_infobox_widget\" data-index=\"13\" >\t<a href=\"http:\/\/www.temagamifht.com\/\" target=\"_blank\" class=\"kadinfolink\">\t<div class=\"kad-info-box kad-info-box-114  infoicon-side-left clearfix\" style=\"\t\t\t\t\t\t\t\t\t\t\t\t\t \t\">\n\t\t<div class=\"kt-info-icon-case\"><img decoding=\"async\" src=\"https:\/\/tdas.ca\/wp-content\/uploads\/2023\/03\/Temagami-Family-Health-Team.jpg\" alt=\"\"><\/div>\t\t\t<div class=\"kt-info-content-case\" style=\"\t\t\t\t\t\t\">\n\t\t\t\t\t\t\t\t<h4 style=\"\t\t\t\t\t\t\t\t\t\t\">\u00c9quipe de sant\u00e9 familiale Temagami<\/h4>\n\t\t\t\t<\/div>\t<\/div>\n\t<\/a><\/div>\n    \n\n          <div id=\"panel-850-3-1-5\" class=\"so-panel widget widget_kadence_infobox_widget kadence_infobox_widget panel-last-child\" data-index=\"14\" >\t<a href=\"https:\/\/www.kirklandlake.ca\/\" target=\"_blank\" class=\"kadinfolink\">\t<div class=\"kad-info-box kad-info-box-532  infoicon-side-left clearfix\" style=\"\t\t\t\t\t\t\t\t\t\t\t\t\t \t\">\n\t\t<div class=\"kt-info-icon-case\"><img decoding=\"async\" src=\"https:\/\/tdas.ca\/wp-content\/uploads\/2023\/03\/Town-of-Kirkland-Lake-.jpg\" alt=\"\"><\/div>\t\t\t<div class=\"kt-info-content-case\" style=\"\t\t\t\t\t\t\">\n\t\t\t\t\t\t\t\t<h4 style=\"\t\t\t\t\t\t\t\t\t\t\">Ville de Kirkland Lake<\/h4>\n\t\t\t\t<\/div>\t<\/div>\n\t<\/a><\/div>\n    <\/div><div id=\"pgc-850-3-2\"  class=\"panel-grid-cell\" >\n\n          <div id=\"panel-850-3-2-0\" class=\"so-panel widget widget_kadence_infobox_widget kadence_infobox_widget panel-first-child\" data-index=\"15\" >\t<a href=\"https:\/\/cmha.ca\/\" target=\"_blank\" class=\"kadinfolink\">\t<div class=\"kad-info-box kad-info-box-57  infoicon-side-left clearfix\" style=\"\t\t\t\t\t\t\t\t\t\t\t\t\t \t\">\n\t\t<div class=\"kt-info-icon-case\"><img decoding=\"async\" src=\"https:\/\/tdas.ca\/wp-content\/uploads\/2023\/03\/canadian-mental-health-association.jpg\" alt=\"\"><\/div>\t\t\t<div class=\"kt-info-content-case\" style=\"\t\t\t\t\t\t\">\n\t\t\t\t\t\t\t\t<h4 style=\"\t\t\t\t\t\t\t\t\t\t\">Association canadienne pour la sant\u00e9 mentale<\/h4>\n\t\t\t\t<\/div>\t<\/div>\n\t<\/a><\/div>\n    \n\n          <div id=\"panel-850-3-2-1\" class=\"so-panel widget widget_kadence_infobox_widget kadence_infobox_widget\" data-index=\"16\" >\t<a href=\"https:\/\/www.dtssab.com\/\" target=\"_blank\" class=\"kadinfolink\">\t<div class=\"kad-info-box kad-info-box-594  infoicon-side-left clearfix\" style=\"\t\t\t\t\t\t\t\t\t\t\t\t\t \t\">\n\t\t<div class=\"kt-info-icon-case\"><img decoding=\"async\" src=\"https:\/\/tdas.ca\/wp-content\/uploads\/2023\/03\/\u2022-District-of-Timiskaming-Social-Services-Administration-Board.jpg\" alt=\"\"><\/div>\t\t\t<div class=\"kt-info-content-case\" style=\"\t\t\t\t\t\t\">\n\t\t\t\t\t\t\t\t<h4 style=\"\t\t\t\t\t\t\t\t\t\t\">Conseil d\u2019administration des services sociaux du district de Timiskaming<\/h4>\n\t\t\t\t<\/div>\t<\/div>\n\t<\/a><\/div>\n    \n\n          <div id=\"panel-850-3-2-2\" class=\"so-panel widget widget_kadence_infobox_widget kadence_infobox_widget\" data-index=\"17\" >\t<a href=\"https:\/\/minomshkiki.ca\/\" target=\"_blank\" class=\"kadinfolink\">\t<div class=\"kad-info-box kad-info-box-42  infoicon-side-left clearfix\" style=\"\t\t\t\t\t\t\t\t\t\t\t\t\t \t\">\n\t\t<div class=\"kt-info-icon-case\"><img decoding=\"async\" src=\"https:\/\/tdas.ca\/wp-content\/uploads\/2023\/05\/mino-mshkiki.jpg\" alt=\"\"><\/div>\t\t\t<div class=\"kt-info-content-case\" style=\"\t\t\t\t\t\t\">\n\t\t\t\t\t\t\t\t<h4 style=\"\t\t\t\t\t\t\t\t\t\t\">\u00c9quipe de sant\u00e9 autochtone Mino M\u2019shki-ki<\/h4>\n\t\t\t\t<\/div>\t<\/div>\n\t<\/a><\/div>\n    \n\n          <div id=\"panel-850-3-2-3\" class=\"so-panel widget widget_kadence_infobox_widget kadence_infobox_widget\" data-index=\"18\" >\t<a href=\"https:\/\/www.opp.ca\/\" target=\"_blank\" class=\"kadinfolink\">\t<div class=\"kad-info-box kad-info-box-811  infoicon-side-left clearfix\" style=\"\t\t\t\t\t\t\t\t\t\t\t\t\t \t\">\n\t\t<div class=\"kt-info-icon-case\"><img decoding=\"async\" src=\"https:\/\/tdas.ca\/wp-content\/uploads\/2023\/03\/Ontario-Provincial-Police.jpg\" alt=\"\"><\/div>\t\t\t<div class=\"kt-info-content-case\" style=\"\t\t\t\t\t\t\">\n\t\t\t\t\t\t\t\t<h4 style=\"\t\t\t\t\t\t\t\t\t\t\">Police provinciale de l\u2019Ontario (PPO)<\/h4>\n\t\t\t\t<\/div>\t<\/div>\n\t<\/a><\/div>\n    \n\n          <div id=\"panel-850-3-2-4\" class=\"so-panel widget widget_kadence_infobox_widget kadence_infobox_widget\" data-index=\"19\" >\t<a href=\"https:\/\/www.timiskaminghu.com\/\" target=\"_blank\" class=\"kadinfolink\">\t<div class=\"kad-info-box kad-info-box-913  infoicon-side-left clearfix\" style=\"\t\t\t\t\t\t\t\t\t\t\t\t\t \t\">\n\t\t<div class=\"kt-info-icon-case\"><img decoding=\"async\" src=\"https:\/\/tdas.ca\/wp-content\/uploads\/2023\/03\/Timiskaming-Health-Unit.jpg\" alt=\"\"><\/div>\t\t\t<div class=\"kt-info-content-case\" style=\"\t\t\t\t\t\t\">\n\t\t\t\t\t\t\t\t<h4 style=\"\t\t\t\t\t\t\t\t\t\t\">Services de sant\u00e9 du Timiskaming<\/h4>\n\t\t\t\t<\/div>\t<\/div>\n\t<\/a><\/div>\n    \n\n          <div id=\"panel-850-3-2-5\" class=\"so-panel widget widget_kadence_infobox_widget kadence_infobox_widget panel-last-child\" data-index=\"20\" >\t<a href=\"https:\/\/www.matachewan.com\/\" target=\"_blank\" class=\"kadinfolink\">\t<div class=\"kad-info-box kad-info-box-909  infoicon-side-left clearfix\" style=\"\t\t\t\t\t\t\t\t\t\t\t\t\t \t\">\n\t\t<div class=\"kt-info-icon-case\"><img decoding=\"async\" src=\"https:\/\/tdas.ca\/wp-content\/uploads\/2023\/03\/Township-of-Matachewan.jpg\" alt=\"\"><\/div>\t\t\t<div class=\"kt-info-content-case\" style=\"\t\t\t\t\t\t\">\n\t\t\t\t\t\t\t\t<h4 style=\"\t\t\t\t\t\t\t\t\t\t\">Canton de Matachewan<\/h4>\n\t\t\t\t<\/div>\t<\/div>\n\t<\/a><\/div>\n    <\/div><div id=\"pgc-850-3-3\"  class=\"panel-grid-cell\" >\n\n          <div id=\"panel-850-3-3-0\" class=\"so-panel widget widget_kadence_infobox_widget kadence_infobox_widget panel-first-child\" data-index=\"21\" >\t<a href=\"https:\/\/www.csctim.on.ca\/\" target=\"_blank\" class=\"kadinfolink\">\t<div class=\"kad-info-box kad-info-box-941  infoicon-side-left clearfix\" style=\"\t\t\t\t\t\t\t\t\t\t\t\t\t \t\">\n\t\t<div class=\"kt-info-icon-case\"><img decoding=\"async\" src=\"https:\/\/tdas.ca\/wp-content\/uploads\/2023\/03\/\u2022-Centre-de-sante\u0301-communautaire-du-Te\u0301miskaming-.jpg\" alt=\"\"><\/div>\t\t\t<div class=\"kt-info-content-case\" style=\"\t\t\t\t\t\t\">\n\t\t\t\t\t\t\t\t<h4 style=\"\t\t\t\t\t\t\t\t\t\t\">Centre de sant\u00e9 communautaire du T\u00e9miskaming<\/h4>\n\t\t\t\t<\/div>\t<\/div>\n\t<\/a><\/div>\n    \n\n          <div id=\"panel-850-3-3-1\" class=\"so-panel widget widget_kadence_infobox_widget kadence_infobox_widget\" data-index=\"22\" >\t<a href=\"https:\/\/www.dsb1.ca\/\" target=\"_blank\" class=\"kadinfolink\">\t<div class=\"kad-info-box kad-info-box-562  infoicon-side-left clearfix\" style=\"\t\t\t\t\t\t\t\t\t\t\t\t\t \t\">\n\t\t<div class=\"kt-info-icon-case\"><img decoding=\"async\" src=\"https:\/\/tdas.ca\/wp-content\/uploads\/2023\/03\/\u2022-District-School-Board-Ontario-North-East-.jpg\" alt=\"\"><\/div>\t\t\t<div class=\"kt-info-content-case\" style=\"\t\t\t\t\t\t\">\n\t\t\t\t\t\t\t\t<h4 style=\"\t\t\t\t\t\t\t\t\t\t\">Conseil scolaire du district de l\u2019Ontario Nord-Est<\/h4>\n\t\t\t\t<\/div>\t<\/div>\n\t<\/a><\/div>\n    \n\n          <div id=\"panel-850-3-3-2\" class=\"so-panel widget widget_kadence_infobox_widget kadence_infobox_widget\" data-index=\"23\" >\t<a href=\"https:\/\/cobalt.ca\/\" target=\"_blank\" class=\"kadinfolink\">\t<div class=\"kad-info-box kad-info-box-293  infoicon-side-left clearfix\" style=\"\t\t\t\t\t\t\t\t\t\t\t\t\t \t\">\n\t\t<div class=\"kt-info-icon-case\"><img decoding=\"async\" src=\"https:\/\/tdas.ca\/wp-content\/uploads\/2023\/03\/Municipality-of-Cobalt.jpg\" alt=\"\"><\/div>\t\t\t<div class=\"kt-info-content-case\" style=\"\t\t\t\t\t\t\">\n\t\t\t\t\t\t\t\t<h4 style=\"\t\t\t\t\t\t\t\t\t\t\">Municipalit\u00e9 de Cobalt<\/h4>\n\t\t\t\t<\/div>\t<\/div>\n\t<\/a><\/div>\n    \n\n          <div id=\"panel-850-3-3-3\" class=\"so-panel widget widget_kadence_infobox_widget kadence_infobox_widget\" data-index=\"24\" >\t<a href=\"https:\/\/pavilionwc.com\/\" target=\"_blank\" class=\"kadinfolink\">\t<div class=\"kad-info-box kad-info-box-677  infoicon-side-left clearfix\" style=\"\t\t\t\t\t\t\t\t\t\t\t\t\t \t\">\n\t\t<div class=\"kt-info-icon-case\"><img decoding=\"async\" src=\"https:\/\/tdas.ca\/wp-content\/uploads\/2023\/03\/Pavilion-Womens-Centre-.jpg\" alt=\"\"><\/div>\t\t\t<div class=\"kt-info-content-case\" style=\"\t\t\t\t\t\t\">\n\t\t\t\t\t\t\t\t<h4 style=\"\t\t\t\t\t\t\t\t\t\t\">Centre des femmes Pavilion<\/h4>\n\t\t\t\t<\/div>\t<\/div>\n\t<\/a><\/div>\n    \n\n          <div id=\"panel-850-3-3-4\" class=\"so-panel widget widget_kadence_infobox_widget kadence_infobox_widget panel-last-child\" data-index=\"25\" >\t<a href=\"http:\/\/www.tembuild.com\/\" target=\"_blank\" class=\"kadinfolink\">\t<div class=\"kad-info-box kad-info-box-269  infoicon-side-left clearfix\" style=\"\t\t\t\t\t\t\t\t\t\t\t\t\t \t\">\n\t\t<div class=\"kt-info-icon-case\"><img decoding=\"async\" src=\"https:\/\/tdas.ca\/wp-content\/uploads\/2023\/03\/Timiskaming-Municipal-Association.jpg\" alt=\"\"><\/div>\t\t\t<div class=\"kt-info-content-case\" style=\"\t\t\t\t\t\t\">\n\t\t\t\t\t\t\t\t<h4 style=\"\t\t\t\t\t\t\t\t\t\t\">Association municipale de Timiskaming<\/h4>\n\t\t\t\t<\/div>\t<\/div>\n\t<\/a><\/div>\n    <\/div><\/div><\/div><\/div>","protected":false},"excerpt":{"rendered":"<p>The Strategy membership consists of over 20 community organizations and people with lived and living experience. Sectors represented include mental &hellip; <a class=\"kt-excerpt-readmore more-link\" href=\"https:\/\/tdas.ca\/fr\/members\/\" aria-label=\"Composition\">Lire<\/a><\/p>","protected":false},"author":1,"featured_media":0,"parent":0,"menu_order":0,"comment_status":"closed","ping_status":"closed","template":"","meta":{"om_disable_all_campaigns":false,"_monsterinsights_skip_tracking":false,"_monsterinsights_sitenote_active":false,"_monsterinsights_sitenote_note":"","_monsterinsights_sitenote_category":0,"_uf_show_specific_survey":0,"_uf_disable_surveys":false,"footnotes":""},"class_list":["post-850","page","type-page","status-publish","hentry"],"aioseo_notices":[],"_links":{"self":[{"href":"https:\/\/tdas.ca\/fr\/wp-json\/wp\/v2\/pages\/850","targetHints":{"allow":["GET"]}}],"collection":[{"href":"https:\/\/tdas.ca\/fr\/wp-json\/wp\/v2\/pages"}],"about":[{"href":"https:\/\/tdas.ca\/fr\/wp-json\/wp\/v2\/types\/page"}],"author":[{"embeddable":true,"href":"https:\/\/tdas.ca\/fr\/wp-json\/wp\/v2\/users\/1"}],"replies":[{"embeddable":true,"href":"https:\/\/tdas.ca\/fr\/wp-json\/wp\/v2\/comments?post=850"}],"version-history":[{"count":43,"href":"https:\/\/tdas.ca\/fr\/wp-json\/wp\/v2\/pages\/850\/revisions"}],"predecessor-version":[{"id":1178,"href":"https:\/\/tdas.ca\/fr\/wp-json\/wp\/v2\/pages\/850\/revisions\/1178"}],"wp:attachment":[{"href":"https:\/\/tdas.ca\/fr\/wp-json\/wp\/v2\/media?parent=850"}],"curies":[{"name":"wp","href":"https:\/\/api.w.org\/{rel}","templated":true}]}}